{"id":3,"date":"2024-05-03T09:41:40","date_gmt":"2024-05-03T09:41:40","guid":{"rendered":"https:\/\/adyraingenieria.es\/?page_id=3"},"modified":"2024-06-27T10:08:01","modified_gmt":"2024-06-27T08:08:01","slug":"politica-privacidad","status":"publish","type":"page","link":"https:\/\/adyraingenieria.com\/en\/politica-privacidad\/","title":{"rendered":"Pol\u00edtica de Privacidad"},"content":{"rendered":"<p>[et_pb_section fb_built=\u00bb1&#8243; fullwidth=\u00bbon\u00bb _builder_version=\u00bb4.25.0&#8243; animation_direction=\u00bbtop\u00bb global_colors_info=\u00bb{}\u00bb][et_pb_fullwidth_header title=\u00bbPol\u00edtica de Privacidad\u00bb subhead=\u00bbDescubra todos los detalles sobre nuestra pol\u00edtica de privacidad a continuaci\u00f3n:\u00bb content_max_width=\u00bb800px\u00bb _builder_version=\u00bb4.25.0&#8243; title_font=\u00bbLato||||||||\u00bb title_font_size=\u00bb60px\u00bb title_line_height=\u00bb1.2em\u00bb content_font=\u00bb||||||||\u00bb content_font_size=\u00bb20px\u00bb content_line_height=\u00bb1.8em\u00bb background_color=\u00bbrgba(255, 255, 255, 0)\u00bb use_background_color_gradient=\u00bbon\u00bb background_color_gradient_direction=\u00bb90deg\u00bb background_color_gradient_stops=\u00bbrgba(0,0,0,0.75) 0%|rgba(0,0,0,0) 100%\u00bb background_color_gradient_overlays_image=\u00bbon\u00bb background_color_gradient_start=\u00bbrgba(0,0,0,0.75)\u00bb background_color_gradient_end=\u00bbrgba(0,0,0,0)\u00bb background_image=\u00bbhttps:\/\/adyraingenieria.com\/wp-content\/uploads\/2024\/05\/Captura-de-pantalla-2024-05-06-094825.png\u00bb custom_button_one=\u00bbon\u00bb button_one_text_size=\u00bb28px\u00bb button_one_bg_color=\u00bb#02d002&#8243; button_one_border_width=\u00bb8px\u00bb button_one_border_color=\u00bb#02d002&#8243; button_one_border_radius=\u00bb0px\u00bb button_one_letter_spacing=\u00bb1px\u00bb button_one_font=\u00bbLato|700|||||||\u00bb button_one_use_icon=\u00bboff\u00bb custom_button_two=\u00bbon\u00bb button_two_text_size=\u00bb18px\u00bb button_two_text_color=\u00bb#353740&#8243; button_two_bg_color=\u00bb#ffffff\u00bb button_two_border_width=\u00bb8px\u00bb button_two_border_color=\u00bb#ffffff\u00bb button_two_border_radius=\u00bb0px\u00bb button_two_letter_spacing=\u00bb1px\u00bb button_two_font=\u00bbLato|700|||||||\u00bb button_two_use_icon=\u00bboff\u00bb custom_margin=\u00bb|||\u00bb custom_padding=\u00bb8%||8%|\u00bb animation_style=\u00bbfade\u00bb button_one_letter_spacing_hover=\u00bb1px\u00bb button_two_letter_spacing_hover=\u00bb1px\u00bb locked=\u00bboff\u00bb global_colors_info=\u00bb{}\u00bb button_one_text_size__hover_enabled=\u00bboff\u00bb button_two_text_size__hover_enabled=\u00bboff\u00bb button_one_text_color__hover_enabled=\u00bboff\u00bb button_two_text_color__hover_enabled=\u00bboff\u00bb button_one_border_width__hover_enabled=\u00bboff\u00bb button_two_border_width__hover_enabled=\u00bboff\u00bb button_one_border_color__hover_enabled=\u00bboff\u00bb button_two_border_color__hover_enabled=\u00bboff\u00bb button_one_border_radius__hover_enabled=\u00bboff\u00bb button_two_border_radius__hover_enabled=\u00bboff\u00bb button_one_letter_spacing__hover_enabled=\u00bbon\u00bb button_one_letter_spacing__hover=\u00bb1px\u00bb button_two_letter_spacing__hover_enabled=\u00bbon\u00bb button_two_letter_spacing__hover=\u00bb1px\u00bb button_one_bg_color__hover_enabled=\u00bboff\u00bb button_two_bg_color__hover_enabled=\u00bboff\u00bb][\/et_pb_fullwidth_header][\/et_pb_section][et_pb_section fb_built=\u00bb1&#8243; admin_label=\u00bbInformation Section\u00bb _builder_version=\u00bb4.25.0&#8243; custom_padding=\u00bb100px||100px|\u00bb animation_style=\u00bbfade\u00bb global_colors_info=\u00bb{}\u00bb][et_pb_row admin_label=\u00bbInformation Area\u00bb _builder_version=\u00bb4.16&#8243; max_width=\u00bb833px\u00bb custom_margin=\u00bb|||\u00bb use_custom_width=\u00bbon\u00bb custom_width_px=\u00bb650px\u00bb global_colors_info=\u00bb{}\u00bb][et_pb_column type=\u00bb4_4&#8243; _builder_version=\u00bb4.16&#8243; custom_padding=\u00bb|||\u00bb global_colors_info=\u00bb{}\u00bb custom_padding__hover=\u00bb|||\u00bb][et_pb_text _builder_version=\u00bb4.25.2&#8243; text_font=\u00bb||||||||\u00bb text_font_size=\u00bb16px\u00bb text_line_height=\u00bb1.8em\u00bb header_font=\u00bb||||||||\u00bb header_2_font=\u00bbLato||||||||\u00bb header_2_font_size=\u00bb36px\u00bb header_2_line_height=\u00bb1.5em\u00bb module_alignment=\u00bbcenter\u00bb custom_margin=\u00bb||15px|\u00bb custom_padding=\u00bb|||\u00bb animation_direction=\u00bbleft\u00bb global_colors_info=\u00bb{}\u00bb]<\/p>\n<p><strong>\u00daltima actualizaci\u00f3n 06-Mayo-2024<\/strong><\/p>\n<p><strong>Fecha de entrada en vigor 06-Mayo-2024<\/strong><\/p>\n<p>Esta Pol\u00edtica de Privacidad describe las pol\u00edticas de Adyra Ingenier\u00eda SLP, correo electr\u00f3nico:<a href=\"mailto:info@adyraingenieria.com\" data-linkindex=\"2\"> info@adyraingenieria.com<\/a>, tel\u00e9fono: 912266444, sobre la recopilaci\u00f3n, uso y divulgaci\u00f3n de su informaci\u00f3n que recopilamos cuando utiliza nuestro sitio web (<a target=\"_new\" rel=\"noreferrer noopener\" href=\"https:\/\/adyraingenieria.com\/\">https:\/\/www.adyraingenieria.com<\/a>). (el \u00abServicio\u00bb). Al acceder o utilizar el Servicio, usted consiente la recopilaci\u00f3n, uso y divulgaci\u00f3n de su informaci\u00f3n de acuerdo con esta Pol\u00edtica de Privacidad. Si no da su consentimiento, le rogamos que no acceda al Servicio ni lo utilice.<\/p>\n<p>Podemos modificar esta Pol\u00edtica de Privacidad en cualquier momento sin previo aviso y publicaremos la Pol\u00edtica de Privacidad revisada en el Servicio. La Pol\u00edtica revisada entrar\u00e1 en vigor a los 180 d\u00edas de su publicaci\u00f3n en el Servicio y su acceso o uso continuado del Servicio despu\u00e9s de dicho plazo constituir\u00e1 su aceptaci\u00f3n de la Pol\u00edtica de Privacidad revisada. Por lo tanto, le recomendamos que revise peri\u00f3dicamente esta p\u00e1gina.<\/p>\n<p><strong>C\u00f3mo utilizamos su informaci\u00f3n.<\/strong> Utilizaremos la informaci\u00f3n que recopilemos sobre usted para los siguientes fines:<\/p>\n<ul>\n<li>Marketing\/Promoci\u00f3n Si queremos utilizar su informaci\u00f3n para cualquier otro fin, le pediremos su consentimiento y utilizaremos su informaci\u00f3n s\u00f3lo cuando recibamos su consentimiento y, en ese caso, s\u00f3lo para el fin o fines para los que otorgamos el consentimiento, a menos que la ley nos obligue a hacer otra cosa.<\/li>\n<\/ul>\n<p><strong>Sus derechos<\/strong> En funci\u00f3n de la legislaci\u00f3n aplicable, usted puede tener derecho a acceder y rectificar o borrar sus datos personales o recibir una copia de los mismos, restringir u oponerse al tratamiento activo de sus datos, solicitarnos que compartamos (portemos) su informaci\u00f3n personal a otra entidad, retirar cualquier consentimiento que nos haya proporcionado para el tratamiento de sus datos, derecho a presentar una reclamaci\u00f3n ante una autoridad legal y otros derechos que puedan ser pertinentes en virtud de la legislaci\u00f3n aplicable. Para ejercer estos derechos, puede escribirnos a <a target=\"_new\" rel=\"noreferrer noopener\">info@adyraingenieria.com<\/a>. Responderemos a su solicitud de conformidad con la legislaci\u00f3n aplicable.<\/p>\n<p>Tenga en cuenta que si no nos permite recopilar o procesar la informaci\u00f3n personal requerida o retira el consentimiento para procesar la misma para los fines requeridos, es posible que no pueda acceder o utilizar los servicios para los que se solicit\u00f3 su informaci\u00f3n.<\/p>\n<p><strong>Cookies, etc.<\/strong> Para obtener m\u00e1s informaci\u00f3n sobre c\u00f3mo las utilizamos y sus opciones en relaci\u00f3n con estas tecnolog\u00edas de seguimiento, consulte nuestra Pol\u00edtica de cookies.<\/p>\n<p><strong>Seguridad<\/strong> La seguridad de su informaci\u00f3n es importante para nosotros y utilizaremos medidas de seguridad razonables para evitar la p\u00e9rdida, el uso indebido o la alteraci\u00f3n no autorizada de su informaci\u00f3n bajo nuestro control. Sin embargo, dados los riesgos inherentes, no podemos garantizar una seguridad absoluta y, en consecuencia, no podemos asegurar o garantizar la seguridad de cualquier informaci\u00f3n que nos transmita y usted lo hace bajo su propio riesgo.<\/p>\n<p><strong>Enlaces de terceros y uso de su informaci\u00f3n<\/strong> Nuestro Servicio puede contener enlaces a otros sitios web que no son operados por nosotros. Esta Pol\u00edtica de Privacidad no se refiere a la pol\u00edtica de privacidad y otras pr\u00e1cticas de terceros, incluyendo cualquier tercero que opere cualquier sitio web o servicio que pueda ser accesible a trav\u00e9s de un enlace en el Servicio. Le recomendamos encarecidamente que revise la pol\u00edtica de privacidad de cada sitio que visite. No tenemos ning\u00fan control ni asumimos ninguna responsabilidad por el contenido, las pol\u00edticas de privacidad o las pr\u00e1cticas de los sitios o servicios de terceros.<\/p>\n<p><strong>Responsable de quejas y protecci\u00f3n de datos<\/strong> Si tiene alguna duda o preocupaci\u00f3n sobre el tratamiento de la informaci\u00f3n de que dispone con nosotros, puede enviar un correo electr\u00f3nico a nuestro Responsable de Quejas a Adyra Ingenier\u00eda SLP, correo electr\u00f3nico: <a href=\"mailto:info@adyraingenieria.com\" data-linkindex=\"2\">info@adyraingenieria.com<\/a>. Atenderemos sus inquietudes de conformidad con la legislaci\u00f3n aplicable.<\/p>\n<p>[\/et_pb_text][\/et_pb_column][\/et_pb_row][\/et_pb_section]<\/p>\n","protected":false},"excerpt":{"rendered":"<p>\u00daltima actualizaci\u00f3n 06-Mayo-2024 Fecha de entrada en vigor 06-Mayo-2024 Esta Pol\u00edtica de Privacidad describe las pol\u00edticas de Adyra Ingenier\u00eda SLP, correo electr\u00f3nico: info@adyraingenieria.com, tel\u00e9fono: 912266444, sobre la recopilaci\u00f3n, uso y divulgaci\u00f3n de su informaci\u00f3n que recopilamos cuando utiliza nuestro sitio web (https:\/\/www.adyraingenieria.com). (el \u00abServicio\u00bb). Al acceder o utilizar el Servicio, usted consiente la recopilaci\u00f3n, uso [&hellip;]<\/p>\n","protected":false},"author":1,"featured_media":0,"parent":0,"menu_order":0,"comment_status":"closed","ping_status":"closed","template":"","meta":{"_et_pb_use_builder":"on","_et_pb_old_content":"<!-- wp:heading -->\n<h2 class=\"wp-block-heading\">Who we are<\/h2>\n<!-- \/wp:heading -->\n<!-- wp:paragraph -->\n<p><strong class=\"privacy-policy-tutorial\">Suggested text: <\/strong>Our website address is: https:\/\/adyraingenieria.com.<\/p>\n<!-- \/wp:paragraph -->\n<!-- wp:heading -->\n<h2 class=\"wp-block-heading\">Comments<\/h2>\n<!-- \/wp:heading -->\n<!-- wp:paragraph -->\n<p><strong class=\"privacy-policy-tutorial\">Suggested text: <\/strong>When visitors leave comments on the site we collect the data shown in the comments form, and also the visitor&#8217;s IP address and browser user agent string to help spam detection.<\/p>\n<!-- \/wp:paragraph -->\n<!-- wp:paragraph -->\n<p>An anonymized string created from your email address (also called a hash) may be provided to the Gravatar service to see if you are using it. The Gravatar service privacy policy is available here: https:\/\/automattic.com\/privacy\/. After approval of your comment, your profile picture is visible to the public in the context of your comment.<\/p>\n<!-- \/wp:paragraph -->\n<!-- wp:heading -->\n<h2 class=\"wp-block-heading\">Media<\/h2>\n<!-- \/wp:heading -->\n<!-- wp:paragraph -->\n<p><strong class=\"privacy-policy-tutorial\">Suggested text: <\/strong>If you upload images to the website, you should avoid uploading images with embedded location data (EXIF GPS) included. Visitors to the website can download and extract any location data from images on the website.<\/p>\n<!-- \/wp:paragraph -->\n<!-- wp:heading -->\n<h2 class=\"wp-block-heading\">Cookies<\/h2>\n<!-- \/wp:heading -->\n<!-- wp:paragraph -->\n<p><strong class=\"privacy-policy-tutorial\">Suggested text: <\/strong>If you leave a comment on our site you may opt-in to saving your name, email address and website in cookies. These are for your convenience so that you do not have to fill in your details again when you leave another comment. These cookies will last for one year.<\/p>\n<!-- \/wp:paragraph -->\n<!-- wp:paragraph -->\n<p>If you visit our login page, we will set a temporary cookie to determine if your browser accepts cookies. This cookie contains no personal data and is discarded when you close your browser.<\/p>\n<!-- \/wp:paragraph -->\n<!-- wp:paragraph -->\n<p>When you log in, we will also set up several cookies to save your login information and your screen display choices. Login cookies last for two days, and screen options cookies last for a year. If you select &quot;Remember Me&quot;, your login will persist for two weeks. If you log out of your account, the login cookies will be removed.<\/p>\n<!-- \/wp:paragraph -->\n<!-- wp:paragraph -->\n<p>If you edit or publish an article, an additional cookie will be saved in your browser. This cookie includes no personal data and simply indicates the post ID of the article you just edited. It expires after 1 day.<\/p>\n<!-- \/wp:paragraph -->\n<!-- wp:heading -->\n<h2 class=\"wp-block-heading\">Embedded content from other websites<\/h2>\n<!-- \/wp:heading -->\n<!-- wp:paragraph -->\n<p><strong class=\"privacy-policy-tutorial\">Suggested text: <\/strong>Articles on this site may include embedded content (e.g. videos, images, articles, etc.). Embedded content from other websites behaves in the exact same way as if the visitor has visited the other website.<\/p>\n<!-- \/wp:paragraph -->\n<!-- wp:paragraph -->\n<p>These websites may collect data about you, use cookies, embed additional third-party tracking, and monitor your interaction with that embedded content, including tracking your interaction with the embedded content if you have an account and are logged in to that website.<\/p>\n<!-- \/wp:paragraph -->\n<!-- wp:heading -->\n<h2 class=\"wp-block-heading\">Who we share your data with<\/h2>\n<!-- \/wp:heading -->\n<!-- wp:paragraph -->\n<p><strong class=\"privacy-policy-tutorial\">Suggested text: <\/strong>If you request a password reset, your IP address will be included in the reset email.<\/p>\n<!-- \/wp:paragraph -->\n<!-- wp:heading -->\n<h2 class=\"wp-block-heading\">How long we retain your data<\/h2>\n<!-- \/wp:heading -->\n<!-- wp:paragraph -->\n<p><strong class=\"privacy-policy-tutorial\">Suggested text: <\/strong>If you leave a comment, the comment and its metadata are retained indefinitely. This is so we can recognize and approve any follow-up comments automatically instead of holding them in a moderation queue.<\/p>\n<!-- \/wp:paragraph -->\n<!-- wp:paragraph -->\n<p>For users that register on our website (if any), we also store the personal information they provide in their user profile. All users can see, edit, or delete their personal information at any time (except they cannot change their username). Website administrators can also see and edit that information.<\/p>\n<!-- \/wp:paragraph -->\n<!-- wp:heading -->\n<h2 class=\"wp-block-heading\">What rights you have over your data<\/h2>\n<!-- \/wp:heading -->\n<!-- wp:paragraph -->\n<p><strong class=\"privacy-policy-tutorial\">Suggested text: <\/strong>If you have an account on this site, or have left comments, you can request to receive an exported file of the personal data we hold about you, including any data you have provided to us. You can also request that we erase any personal data we hold about you. This does not include any data we are obliged to keep for administrative, legal, or security purposes.<\/p>\n<!-- \/wp:paragraph -->\n<!-- wp:heading -->\n<h2 class=\"wp-block-heading\">Where your data is sent<\/h2>\n<!-- \/wp:heading -->\n<!-- wp:paragraph -->\n<p><strong class=\"privacy-policy-tutorial\">Suggested text: <\/strong>Visitor comments may be checked through an automated spam detection service.<\/p>\n<!-- \/wp:paragraph -->\n","_et_gb_content_width":"","footnotes":""},"class_list":["post-3","page","type-page","status-publish","hentry"],"yoast_head":"<!-- This site is optimized with the Yoast SEO plugin v27.4 - https:\/\/yoast.com\/product\/yoast-seo-wordpress\/ -->\n<title>Pol\u00edtica de Privacidad - Adyra Ingenieria<\/title>\n<meta name=\"robots\" content=\"index, follow, max-snippet:-1, max-image-preview:large, max-video-preview:-1\" \/>\n<link rel=\"canonical\" href=\"https:\/\/adyraingenieria.com\/en\/politica-privacidad\/\" \/>\n<meta property=\"og:locale\" content=\"en_GB\" \/>\n<meta property=\"og:type\" content=\"article\" \/>\n<meta property=\"og:title\" content=\"Pol\u00edtica de Privacidad - Adyra Ingenieria\" \/>\n<meta property=\"og:description\" content=\"\u00daltima actualizaci\u00f3n 06-Mayo-2024 Fecha de entrada en vigor 06-Mayo-2024 Esta Pol\u00edtica de Privacidad describe las pol\u00edticas de Adyra Ingenier\u00eda SLP, correo electr\u00f3nico: info@adyraingenieria.com, tel\u00e9fono: 912266444, sobre la recopilaci\u00f3n, uso y divulgaci\u00f3n de su informaci\u00f3n que recopilamos cuando utiliza nuestro sitio web (https:\/\/www.adyraingenieria.com). (el \u00abServicio\u00bb). Al acceder o utilizar el Servicio, usted consiente la recopilaci\u00f3n, uso [&hellip;]\" \/>\n<meta property=\"og:url\" content=\"https:\/\/adyraingenieria.com\/en\/politica-privacidad\/\" \/>\n<meta property=\"og:site_name\" content=\"Adyra Ingenieria\" \/>\n<meta property=\"article:modified_time\" content=\"2024-06-27T08:08:01+00:00\" \/>\n<meta property=\"og:image\" content=\"https:\/\/adyraingenieria.com\/wp-content\/uploads\/2024\/05\/pexels-matthiaszomer-618158.jpg\" \/>\n\t<meta property=\"og:image:width\" content=\"1260\" \/>\n\t<meta property=\"og:image:height\" content=\"710\" \/>\n\t<meta property=\"og:image:type\" content=\"image\/jpeg\" \/>\n<meta name=\"twitter:card\" content=\"summary_large_image\" \/>\n<meta name=\"twitter:label1\" content=\"Estimated reading time\" \/>\n\t<meta name=\"twitter:data1\" content=\"6 minutes\" \/>\n<script type=\"application\/ld+json\" class=\"yoast-schema-graph\">{\"@context\":\"https:\\\/\\\/schema.org\",\"@graph\":[{\"@type\":\"WebPage\",\"@id\":\"https:\\\/\\\/adyraingenieria.com\\\/politica-privacidad\\\/\",\"url\":\"https:\\\/\\\/adyraingenieria.com\\\/politica-privacidad\\\/\",\"name\":\"Pol\u00edtica de Privacidad - Adyra Ingenieria\",\"isPartOf\":{\"@id\":\"https:\\\/\\\/adyraingenieria.com\\\/#website\"},\"datePublished\":\"2024-05-03T09:41:40+00:00\",\"dateModified\":\"2024-06-27T08:08:01+00:00\",\"breadcrumb\":{\"@id\":\"https:\\\/\\\/adyraingenieria.com\\\/politica-privacidad\\\/#breadcrumb\"},\"inLanguage\":\"en-GB\",\"potentialAction\":[{\"@type\":\"ReadAction\",\"target\":[\"https:\\\/\\\/adyraingenieria.com\\\/politica-privacidad\\\/\"]}]},{\"@type\":\"BreadcrumbList\",\"@id\":\"https:\\\/\\\/adyraingenieria.com\\\/politica-privacidad\\\/#breadcrumb\",\"itemListElement\":[{\"@type\":\"ListItem\",\"position\":1,\"name\":\"Portada\",\"item\":\"https:\\\/\\\/adyraingenieria.com\\\/\"},{\"@type\":\"ListItem\",\"position\":2,\"name\":\"Pol\u00edtica de Privacidad\"}]},{\"@type\":\"WebSite\",\"@id\":\"https:\\\/\\\/adyraingenieria.com\\\/#website\",\"url\":\"https:\\\/\\\/adyraingenieria.com\\\/\",\"name\":\"Adyra Ingenieria\",\"description\":\"\",\"publisher\":{\"@id\":\"https:\\\/\\\/adyraingenieria.com\\\/#organization\"},\"potentialAction\":[{\"@type\":\"SearchAction\",\"target\":{\"@type\":\"EntryPoint\",\"urlTemplate\":\"https:\\\/\\\/adyraingenieria.com\\\/?s={search_term_string}\"},\"query-input\":{\"@type\":\"PropertyValueSpecification\",\"valueRequired\":true,\"valueName\":\"search_term_string\"}}],\"inLanguage\":\"en-GB\"},{\"@type\":\"Organization\",\"@id\":\"https:\\\/\\\/adyraingenieria.com\\\/#organization\",\"name\":\"Adyra Ingenieria SLP\",\"alternateName\":\"Adyra Ingenieria\",\"url\":\"https:\\\/\\\/adyraingenieria.com\\\/\",\"logo\":{\"@type\":\"ImageObject\",\"inLanguage\":\"en-GB\",\"@id\":\"https:\\\/\\\/adyraingenieria.com\\\/#\\\/schema\\\/logo\\\/image\\\/\",\"url\":\"https:\\\/\\\/adyraingenieria.com\\\/wp-content\\\/uploads\\\/2024\\\/05\\\/CapturaLogo-e1714732891131.jpg\",\"contentUrl\":\"https:\\\/\\\/adyraingenieria.com\\\/wp-content\\\/uploads\\\/2024\\\/05\\\/CapturaLogo-e1714732891131.jpg\",\"width\":514,\"height\":252,\"caption\":\"Adyra Ingenieria SLP\"},\"image\":{\"@id\":\"https:\\\/\\\/adyraingenieria.com\\\/#\\\/schema\\\/logo\\\/image\\\/\"}}]}<\/script>\n<!-- \/ Yoast SEO plugin. -->","yoast_head_json":{"title":"Pol\u00edtica de Privacidad - Adyra Ingenieria","robots":{"index":"index","follow":"follow","max-snippet":"max-snippet:-1","max-image-preview":"max-image-preview:large","max-video-preview":"max-video-preview:-1"},"canonical":"https:\/\/adyraingenieria.com\/en\/politica-privacidad\/","og_locale":"en_GB","og_type":"article","og_title":"Pol\u00edtica de Privacidad - Adyra Ingenieria","og_description":"\u00daltima actualizaci\u00f3n 06-Mayo-2024 Fecha de entrada en vigor 06-Mayo-2024 Esta Pol\u00edtica de Privacidad describe las pol\u00edticas de Adyra Ingenier\u00eda SLP, correo electr\u00f3nico: info@adyraingenieria.com, tel\u00e9fono: 912266444, sobre la recopilaci\u00f3n, uso y divulgaci\u00f3n de su informaci\u00f3n que recopilamos cuando utiliza nuestro sitio web (https:\/\/www.adyraingenieria.com). (el \u00abServicio\u00bb). Al acceder o utilizar el Servicio, usted consiente la recopilaci\u00f3n, uso [&hellip;]","og_url":"https:\/\/adyraingenieria.com\/en\/politica-privacidad\/","og_site_name":"Adyra Ingenieria","article_modified_time":"2024-06-27T08:08:01+00:00","og_image":[{"width":1260,"height":710,"url":"https:\/\/adyraingenieria.com\/wp-content\/uploads\/2024\/05\/pexels-matthiaszomer-618158.jpg","type":"image\/jpeg"}],"twitter_card":"summary_large_image","twitter_misc":{"Estimated reading time":"6 minutes"},"schema":{"@context":"https:\/\/schema.org","@graph":[{"@type":"WebPage","@id":"https:\/\/adyraingenieria.com\/politica-privacidad\/","url":"https:\/\/adyraingenieria.com\/politica-privacidad\/","name":"Pol\u00edtica de Privacidad - Adyra Ingenieria","isPartOf":{"@id":"https:\/\/adyraingenieria.com\/#website"},"datePublished":"2024-05-03T09:41:40+00:00","dateModified":"2024-06-27T08:08:01+00:00","breadcrumb":{"@id":"https:\/\/adyraingenieria.com\/politica-privacidad\/#breadcrumb"},"inLanguage":"en-GB","potentialAction":[{"@type":"ReadAction","target":["https:\/\/adyraingenieria.com\/politica-privacidad\/"]}]},{"@type":"BreadcrumbList","@id":"https:\/\/adyraingenieria.com\/politica-privacidad\/#breadcrumb","itemListElement":[{"@type":"ListItem","position":1,"name":"Portada","item":"https:\/\/adyraingenieria.com\/"},{"@type":"ListItem","position":2,"name":"Pol\u00edtica de Privacidad"}]},{"@type":"WebSite","@id":"https:\/\/adyraingenieria.com\/#website","url":"https:\/\/adyraingenieria.com\/","name":"Adyra Ingenieria","description":"","publisher":{"@id":"https:\/\/adyraingenieria.com\/#organization"},"potentialAction":[{"@type":"SearchAction","target":{"@type":"EntryPoint","urlTemplate":"https:\/\/adyraingenieria.com\/?s={search_term_string}"},"query-input":{"@type":"PropertyValueSpecification","valueRequired":true,"valueName":"search_term_string"}}],"inLanguage":"en-GB"},{"@type":"Organization","@id":"https:\/\/adyraingenieria.com\/#organization","name":"Adyra Ingenieria SLP","alternateName":"Adyra Ingenieria","url":"https:\/\/adyraingenieria.com\/","logo":{"@type":"ImageObject","inLanguage":"en-GB","@id":"https:\/\/adyraingenieria.com\/#\/schema\/logo\/image\/","url":"https:\/\/adyraingenieria.com\/wp-content\/uploads\/2024\/05\/CapturaLogo-e1714732891131.jpg","contentUrl":"https:\/\/adyraingenieria.com\/wp-content\/uploads\/2024\/05\/CapturaLogo-e1714732891131.jpg","width":514,"height":252,"caption":"Adyra Ingenieria SLP"},"image":{"@id":"https:\/\/adyraingenieria.com\/#\/schema\/logo\/image\/"}}]}},"_links":{"self":[{"href":"https:\/\/adyraingenieria.com\/en\/wp-json\/wp\/v2\/pages\/3","targetHints":{"allow":["GET"]}}],"collection":[{"href":"https:\/\/adyraingenieria.com\/en\/wp-json\/wp\/v2\/pages"}],"about":[{"href":"https:\/\/adyraingenieria.com\/en\/wp-json\/wp\/v2\/types\/page"}],"author":[{"embeddable":true,"href":"https:\/\/adyraingenieria.com\/en\/wp-json\/wp\/v2\/users\/1"}],"replies":[{"embeddable":true,"href":"https:\/\/adyraingenieria.com\/en\/wp-json\/wp\/v2\/comments?post=3"}],"version-history":[{"count":9,"href":"https:\/\/adyraingenieria.com\/en\/wp-json\/wp\/v2\/pages\/3\/revisions"}],"predecessor-version":[{"id":49339,"href":"https:\/\/adyraingenieria.com\/en\/wp-json\/wp\/v2\/pages\/3\/revisions\/49339"}],"wp:attachment":[{"href":"https:\/\/adyraingenieria.com\/en\/wp-json\/wp\/v2\/media?parent=3"}],"curies":[{"name":"wp","href":"https:\/\/api.w.org\/{rel}","templated":true}]}}