{"id":48977,"date":"2024-05-03T12:16:27","date_gmt":"2024-05-03T12:16:27","guid":{"rendered":"https:\/\/adyraingenieria.es\/?page_id=48977"},"modified":"2024-07-09T10:00:06","modified_gmt":"2024-07-09T08:00:06","slug":"sobre-nosotros","status":"publish","type":"page","link":"https:\/\/adyraingenieria.com\/en\/sobre-nosotros\/","title":{"rendered":"Sobre nosotros"},"content":{"rendered":"<p>[et_pb_section fb_built=\u00bb1&#8243; fullwidth=\u00bbon\u00bb _builder_version=\u00bb4.25.2&#8243; background_image=\u00bbhttps:\/\/adyraingenieria.com\/wp-content\/uploads\/2024\/06\/Perito-1.jpg\u00bb animation_style=\u00bbslide\u00bb animation_direction=\u00bbtop\u00bb animation_intensity_slide=\u00bb2%\u00bb animation_starting_opacity=\u00bb100%\u00bb locked=\u00bboff\u00bb global_colors_info=\u00bb{}\u00bb][et_pb_fullwidth_header title=\u00bbSobre nosotros\u00bb subhead=\u00bbServicios especializados en la valoraci\u00f3n de da\u00f1os y la gesti\u00f3n integral de siniestros\u00bb content_max_width=\u00bb800px\u00bb _builder_version=\u00bb4.25.2&#8243; title_font=\u00bbLato||||||||\u00bb title_font_size=\u00bb60px\u00bb title_line_height=\u00bb1.2em\u00bb content_font=\u00bb||||||||\u00bb content_font_size=\u00bb20px\u00bb content_line_height=\u00bb1.8em\u00bb subhead_font_size=\u00bb20px\u00bb subhead_line_height=\u00bb1.3em\u00bb background_color=\u00bbrgba(255, 255, 255, 0)\u00bb use_background_color_gradient=\u00bbon\u00bb background_color_gradient_direction=\u00bb90deg\u00bb background_color_gradient_stops=\u00bbrgba(0,0,0,0.75) 0%|rgba(0,0,0,0) 100%\u00bb background_color_gradient_overlays_image=\u00bbon\u00bb background_color_gradient_start=\u00bbrgba(0,0,0,0.75)\u00bb background_color_gradient_end=\u00bbrgba(0,0,0,0)\u00bb background_image=\u00bbhttps:\/\/adyraingenieria.com\/wp-content\/uploads\/2024\/05\/produce-30.jpg\u00bb custom_button_one=\u00bbon\u00bb button_one_text_size=\u00bb18px\u00bb button_one_bg_color=\u00bb#02d002&#8243; button_one_border_width=\u00bb8px\u00bb button_one_border_color=\u00bb#02d002&#8243; button_one_border_radius=\u00bb0px\u00bb button_one_letter_spacing=\u00bb1px\u00bb button_one_font=\u00bbLato|700|||||||\u00bb button_one_use_icon=\u00bboff\u00bb custom_button_two=\u00bbon\u00bb button_two_text_size=\u00bb18px\u00bb button_two_text_color=\u00bb#353740&#8243; button_two_bg_color=\u00bb#ffffff\u00bb button_two_border_width=\u00bb8px\u00bb button_two_border_color=\u00bb#ffffff\u00bb button_two_border_radius=\u00bb0px\u00bb button_two_letter_spacing=\u00bb1px\u00bb button_two_font=\u00bbLato|700|||||||\u00bb button_two_use_icon=\u00bboff\u00bb custom_margin=\u00bb|||\u00bb custom_padding=\u00bb8%||8%|\u00bb animation_style=\u00bbfade\u00bb button_one_letter_spacing_hover=\u00bb1px\u00bb button_two_letter_spacing_hover=\u00bb1px\u00bb locked=\u00bboff\u00bb global_colors_info=\u00bb{}\u00bb button_one_text_size__hover_enabled=\u00bboff\u00bb button_two_text_size__hover_enabled=\u00bboff\u00bb button_one_text_color__hover_enabled=\u00bboff\u00bb button_two_text_color__hover_enabled=\u00bboff\u00bb button_one_border_width__hover_enabled=\u00bboff\u00bb button_two_border_width__hover_enabled=\u00bboff\u00bb button_one_border_color__hover_enabled=\u00bboff\u00bb button_two_border_color__hover_enabled=\u00bboff\u00bb button_one_border_radius__hover_enabled=\u00bboff\u00bb button_two_border_radius__hover_enabled=\u00bboff\u00bb button_one_letter_spacing__hover_enabled=\u00bbon\u00bb button_one_letter_spacing__hover=\u00bb1px\u00bb button_two_letter_spacing__hover_enabled=\u00bbon\u00bb button_two_letter_spacing__hover=\u00bb1px\u00bb button_one_bg_color__hover_enabled=\u00bboff\u00bb button_two_bg_color__hover_enabled=\u00bboff\u00bb][\/et_pb_fullwidth_header][\/et_pb_section][et_pb_section fb_built=\u00bb1&#8243; admin_label=\u00bbAbout\u00bb _builder_version=\u00bb4.25.2&#8243; background_color_gradient_direction=\u00bb90deg\u00bb custom_margin_tablet=\u00bb\u00bb custom_margin_phone=\u00bb75px||75px||true|false\u00bb custom_margin_last_edited=\u00bbon|phone\u00bb locked=\u00bboff\u00bb global_colors_info=\u00bb{}\u00bb][et_pb_row _builder_version=\u00bb4.25.2&#8243; custom_margin_tablet=\u00bb\u00bb custom_margin_phone=\u00bb75px||||false|false\u00bb custom_margin_last_edited=\u00bbon|phone\u00bb custom_width_px__hover=\u00bb1080px\u00bb custom_width_px__hover_enabled=\u00bb1080px\u00bb custom_width_percent__hover=\u00bb80%\u00bb custom_width_percent__hover_enabled=\u00bb80%\u00bb global_colors_info=\u00bb{}\u00bb use_custom_width__hover=\u00bboff\u00bb use_custom_width__hover_enabled=\u00bboff\u00bb width_unit__hover=\u00bbon\u00bb width_unit__hover_enabled=\u00bbon\u00bb use_custom_gutter__hover=\u00bboff\u00bb use_custom_gutter__hover_enabled=\u00bboff\u00bb gutter_width__hover=\u00bb3&#8243; gutter_width__hover_enabled=\u00bb3&#8243; make_equal__hover=\u00bboff\u00bb make_equal__hover_enabled=\u00bboff\u00bb parallax_1__hover=\u00bboff\u00bb parallax_1__hover_enabled=\u00bboff\u00bb parallax_2__hover=\u00bboff\u00bb parallax_2__hover_enabled=\u00bboff\u00bb parallax_3__hover=\u00bboff\u00bb parallax_3__hover_enabled=\u00bboff\u00bb parallax_4__hover=\u00bboff\u00bb parallax_4__hover_enabled=\u00bboff\u00bb parallax_5__hover=\u00bboff\u00bb parallax_5__hover_enabled=\u00bboff\u00bb parallax_6__hover=\u00bboff\u00bb parallax_6__hover_enabled=\u00bboff\u00bb parallax_method_1__hover=\u00bbon\u00bb parallax_method_1__hover_enabled=\u00bbon\u00bb parallax_method_2__hover=\u00bbon\u00bb parallax_method_2__hover_enabled=\u00bbon\u00bb parallax_method_3__hover=\u00bbon\u00bb parallax_method_3__hover_enabled=\u00bbon\u00bb parallax_method_4__hover=\u00bbon\u00bb parallax_method_4__hover_enabled=\u00bbon\u00bb parallax_method_5__hover=\u00bbon\u00bb parallax_method_5__hover_enabled=\u00bbon\u00bb parallax_method_6__hover=\u00bbon\u00bb parallax_method_6__hover_enabled=\u00bbon\u00bb use_background_color_gradient__hover=\u00bboff\u00bb use_background_color_gradient__hover_enabled=\u00bboff\u00bb background_color_gradient_start__hover=\u00bb#2b87da\u00bb background_color_gradient_start__hover_enabled=\u00bb#2b87da\u00bb background_color_gradient_end__hover=\u00bb#29c4a9&#8243; background_color_gradient_end__hover_enabled=\u00bb#29c4a9&#8243; background_color_gradient_type__hover=\u00bblinear\u00bb background_color_gradient_type__hover_enabled=\u00bblinear\u00bb background_color_gradient_direction__hover=\u00bb180deg\u00bb background_color_gradient_direction__hover_enabled=\u00bb180deg\u00bb background_color_gradient_direction_radial__hover=\u00bbcenter\u00bb background_color_gradient_direction_radial__hover_enabled=\u00bbcenter\u00bb background_color_gradient_start_position__hover=\u00bb0%\u00bb background_color_gradient_start_position__hover_enabled=\u00bb0%\u00bb background_color_gradient_end_position__hover=\u00bb100%\u00bb background_color_gradient_end_position__hover_enabled=\u00bb100%\u00bb background_color_gradient_overlays_image__hover=\u00bboff\u00bb background_color_gradient_overlays_image__hover_enabled=\u00bboff\u00bb parallax__hover=\u00bboff\u00bb parallax__hover_enabled=\u00bboff\u00bb parallax_method__hover=\u00bbon\u00bb parallax_method__hover_enabled=\u00bbon\u00bb background_size__hover=\u00bbcover\u00bb background_size__hover_enabled=\u00bbcover\u00bb background_position__hover=\u00bbcenter\u00bb background_position__hover_enabled=\u00bbcenter\u00bb background_repeat__hover=\u00bbno-repeat\u00bb background_repeat__hover_enabled=\u00bbno-repeat\u00bb background_blend__hover=\u00bbnormal\u00bb background_blend__hover_enabled=\u00bbnormal\u00bb allow_player_pause__hover=\u00bboff\u00bb allow_player_pause__hover_enabled=\u00bboff\u00bb background_video_pause_outside_viewport__hover=\u00bbon\u00bb background_video_pause_outside_viewport__hover_enabled=\u00bbon\u00bb make_fullwidth__hover=\u00bboff\u00bb make_fullwidth__hover_enabled=\u00bboff\u00bb border_radii__hover=\u00bbon||||\u00bb border_radii__hover_enabled=\u00bbon||||\u00bb box_shadow_style__hover=\u00bbnone\u00bb box_shadow_style__hover_enabled=\u00bbnone\u00bb box_shadow_color__hover=\u00bbrgba(0,0,0,0.3)\u00bb box_shadow_color__hover_enabled=\u00bbrgba(0,0,0,0.3)\u00bb filter_hue_rotate__hover=\u00bb0deg\u00bb filter_hue_rotate__hover_enabled=\u00bb0deg\u00bb filter_saturate__hover=\u00bb100%\u00bb filter_saturate__hover_enabled=\u00bb100%\u00bb filter_brightness__hover=\u00bb100%\u00bb filter_brightness__hover_enabled=\u00bb100%\u00bb filter_contrast__hover=\u00bb100%\u00bb filter_contrast__hover_enabled=\u00bb100%\u00bb filter_invert__hover=\u00bb0%\u00bb filter_invert__hover_enabled=\u00bb0%\u00bb filter_sepia__hover=\u00bb0%\u00bb filter_sepia__hover_enabled=\u00bb0%\u00bb filter_opacity__hover=\u00bb100%\u00bb filter_opacity__hover_enabled=\u00bb100%\u00bb filter_blur__hover=\u00bb0px\u00bb filter_blur__hover_enabled=\u00bb0px\u00bb mix_blend_mode__hover=\u00bbnormal\u00bb mix_blend_mode__hover_enabled=\u00bbnormal\u00bb animation_style__hover=\u00bbnone\u00bb animation_style__hover_enabled=\u00bbnone\u00bb animation_repeat__hover=\u00bbonce\u00bb animation_repeat__hover_enabled=\u00bbonce\u00bb animation_direction__hover=\u00bbcenter\u00bb animation_direction__hover_enabled=\u00bbcenter\u00bb animation_duration__hover=\u00bb1000ms\u00bb animation_duration__hover_enabled=\u00bb1000ms\u00bb animation_delay__hover=\u00bb0ms\u00bb animation_delay__hover_enabled=\u00bb0ms\u00bb animation_intensity_slide__hover=\u00bb50%\u00bb animation_intensity_slide__hover_enabled=\u00bb50%\u00bb animation_intensity_zoom__hover=\u00bb50%\u00bb animation_intensity_zoom__hover_enabled=\u00bb50%\u00bb animation_intensity_flip__hover=\u00bb50%\u00bb animation_intensity_flip__hover_enabled=\u00bb50%\u00bb animation_intensity_fold__hover=\u00bb50%\u00bb animation_intensity_fold__hover_enabled=\u00bb50%\u00bb animation_intensity_roll__hover=\u00bb50%\u00bb animation_intensity_roll__hover_enabled=\u00bb50%\u00bb animation_starting_opacity__hover=\u00bb0%\u00bb animation_starting_opacity__hover_enabled=\u00bb0%\u00bb animation_speed_curve__hover=\u00bbease-in-out\u00bb animation_speed_curve__hover_enabled=\u00bbease-in-out\u00bb hover_transition_duration__hover=\u00bb300ms\u00bb hover_transition_duration__hover_enabled=\u00bb300ms\u00bb hover_transition_delay__hover=\u00bb0ms\u00bb hover_transition_delay__hover_enabled=\u00bb0ms\u00bb hover_transition_speed_curve__hover=\u00bbease\u00bb hover_transition_speed_curve__hover_enabled=\u00bbease\u00bb background_color_gradient_stops__hover=\u00bb#2b87da 0%|#29c4a9 100%\u00bb][et_pb_column type=\u00bb4_4&#8243; _builder_version=\u00bb4.16&#8243; custom_padding=\u00bb|||\u00bb global_colors_info=\u00bb{}\u00bb custom_padding__hover=\u00bb|||\u00bb][et_pb_text _builder_version=\u00bb4.26.0&#8243; text_font=\u00bb||||||||\u00bb text_line_height=\u00bb2em\u00bb header_font=\u00bb||||||||\u00bb header_3_font=\u00bbRoboto|700|||||||\u00bb header_3_font_size=\u00bb35px\u00bb header_3_line_height=\u00bb1.4em\u00bb hover_enabled=\u00bb0&#8243; text_font_size_tablet=\u00bb\u00bb text_font_size_phone=\u00bb15px\u00bb text_font_size_last_edited=\u00bbon|phone\u00bb header_3_font_size_tablet=\u00bb\u00bb header_3_font_size_phone=\u00bb25px\u00bb header_3_font_size_last_edited=\u00bbon|desktop\u00bb global_colors_info=\u00bb{}\u00bb header_2_line_height=\u00bb1.7em\u00bb sticky_enabled=\u00bb0&#8243;]<\/p>\n<h2>M\u00e1s de 15 a\u00f1os realizando valoraciones y tasaciones sobre da\u00f1os y siniestros en veh\u00edculos autom\u00f3viles.<\/h2>\n<p>En Adyra Ingenier\u00eda SLP, nos dedicamos a ofrecer servicios especializados en la valoraci\u00f3n de da\u00f1os y la gesti\u00f3n integral de siniestros en el sector automotriz. Nuestra misi\u00f3n es proporcionar soluciones precisas y eficientes para asegurar la tranquilidad de nuestros clientes en momentos cr\u00edticos.<\/p>\n<ul>\n<li><strong>Valoraci\u00f3n de da\u00f1os en siniestros de autos<\/strong>: Evaluamos con precisi\u00f3n los da\u00f1os sufridos.<\/li>\n<li><strong>Verificaciones de riesgo<\/strong>: Realizamos an\u00e1lisis detallados para identificar y mitigar riesgos potenciales.<\/li>\n<li><strong>Detecci\u00f3n activa del fraude<\/strong>: Implementamos t\u00e9cnicas avanzadas para detectar y prevenir el fraude.<\/li>\n<li><strong>Peritaci\u00f3n digital y televaloraci\u00f3n<\/strong>: Utilizamos los \u00faltimos recursos tecnol\u00f3gicos para realizar peritaciones y valoraciones a distancia.<\/li>\n<li><strong>Asesor\u00eda pericial autos<\/strong>: Brindamos asesoramiento experto en todos los aspectos relacionados con la peritaci\u00f3n de veh\u00edculos.<\/li>\n<li><strong>Control de reclamaciones y facturas<\/strong>: Gestionamos y verificamos reclamaciones y facturas para garantizar su exactitud y legitimidad.<\/li>\n<li><strong>Gesti\u00f3n con talleres<\/strong>: Coordinamos eficientemente la reparaci\u00f3n de veh\u00edculos con talleres de confianza.<\/li>\n<li><strong>Control de coste y auditor\u00edas periciales<\/strong>: Monitoreamos y controlamos los costos asociados a siniestros y realizamos auditor\u00edas exhaustivas.<\/li>\n<li><strong>Informes biomec\u00e1nicos<\/strong>: Elaboramos informes detallados sobre el impacto y las consecuencias biomec\u00e1nicas de los accidentes.<\/li>\n<li><strong>Informes de reconstrucci\u00f3n de accidentes<\/strong>: Reconstruimos accidentes para entender mejor las causas y circunstancias, proporcionando informaci\u00f3n valiosa para resolver disputas y mejorar la seguridad vial.<\/li>\n<\/ul>\n<p>Nuestro equipo est\u00e1 compuesto por profesionales homologados y acreditados, comprometidos con la excelencia y la transparencia en cada etapa del proceso.<\/p>\n<p>[\/et_pb_text][\/et_pb_column][\/et_pb_row][\/et_pb_section]<\/p>\n","protected":false},"excerpt":{"rendered":"<p>M\u00e1s de 15 a\u00f1os realizando valoraciones y tasaciones sobre da\u00f1os y siniestros en veh\u00edculos autom\u00f3viles. En Adyra Ingenier\u00eda SLP, nos dedicamos a ofrecer servicios especializados en la valoraci\u00f3n de da\u00f1os y la gesti\u00f3n integral de siniestros en el sector automotriz. Nuestra misi\u00f3n es proporcionar soluciones precisas y eficientes para asegurar la tranquilidad de nuestros clientes [&hellip;]<\/p>\n","protected":false},"author":1,"featured_media":49348,"parent":0,"menu_order":0,"comment_status":"closed","ping_status":"closed","template":"","meta":{"_et_pb_use_builder":"on","_et_pb_old_content":"","_et_gb_content_width":"","footnotes":""},"class_list":["post-48977","page","type-page","status-publish","has-post-thumbnail","hentry"],"yoast_head":"<!-- This site is optimized with the Yoast SEO plugin v27.4 - https:\/\/yoast.com\/product\/yoast-seo-wordpress\/ -->\n<title>Sobre nosotros - Adyra Ingenieria<\/title>\n<meta name=\"description\" content=\"M\u00e1s de 15 a\u00f1os realizando valoraciones y tasaciones sobre da\u00f1os y siniestros en veh\u00edculos autom\u00f3viles.\" \/>\n<meta name=\"robots\" content=\"index, follow, max-snippet:-1, max-image-preview:large, max-video-preview:-1\" \/>\n<link rel=\"canonical\" href=\"https:\/\/adyraingenieria.com\/en\/sobre-nosotros\/\" \/>\n<meta property=\"og:locale\" content=\"en_GB\" \/>\n<meta property=\"og:type\" content=\"article\" \/>\n<meta property=\"og:title\" content=\"Sobre nosotros - Adyra Ingenieria\" \/>\n<meta property=\"og:description\" content=\"M\u00e1s de 15 a\u00f1os realizando valoraciones y tasaciones sobre da\u00f1os y siniestros en veh\u00edculos autom\u00f3viles.\" \/>\n<meta property=\"og:url\" content=\"https:\/\/adyraingenieria.com\/en\/sobre-nosotros\/\" \/>\n<meta property=\"og:site_name\" content=\"Adyra Ingenieria\" \/>\n<meta property=\"article:modified_time\" content=\"2024-07-09T08:00:06+00:00\" \/>\n<meta property=\"og:image\" content=\"https:\/\/adyraingenieria.com\/wp-content\/uploads\/2024\/06\/Perito-4.jpg\" \/>\n\t<meta property=\"og:image:width\" content=\"1920\" \/>\n\t<meta property=\"og:image:height\" content=\"1280\" \/>\n\t<meta property=\"og:image:type\" content=\"image\/jpeg\" \/>\n<meta name=\"twitter:card\" content=\"summary_large_image\" \/>\n<meta name=\"twitter:label1\" content=\"Estimated reading time\" \/>\n\t<meta name=\"twitter:data1\" content=\"2 minutes\" \/>\n<script type=\"application\/ld+json\" class=\"yoast-schema-graph\">{\"@context\":\"https:\\\/\\\/schema.org\",\"@graph\":[{\"@type\":\"WebPage\",\"@id\":\"https:\\\/\\\/adyraingenieria.com\\\/sobre-nosotros\\\/\",\"url\":\"https:\\\/\\\/adyraingenieria.com\\\/sobre-nosotros\\\/\",\"name\":\"Sobre nosotros - Adyra Ingenieria\",\"isPartOf\":{\"@id\":\"https:\\\/\\\/adyraingenieria.com\\\/#website\"},\"primaryImageOfPage\":{\"@id\":\"https:\\\/\\\/adyraingenieria.com\\\/sobre-nosotros\\\/#primaryimage\"},\"image\":{\"@id\":\"https:\\\/\\\/adyraingenieria.com\\\/sobre-nosotros\\\/#primaryimage\"},\"thumbnailUrl\":\"https:\\\/\\\/adyraingenieria.com\\\/wp-content\\\/uploads\\\/2024\\\/06\\\/Perito-4.jpg\",\"datePublished\":\"2024-05-03T12:16:27+00:00\",\"dateModified\":\"2024-07-09T08:00:06+00:00\",\"description\":\"M\u00e1s de 15 a\u00f1os realizando valoraciones y tasaciones sobre da\u00f1os y siniestros en veh\u00edculos autom\u00f3viles.\",\"breadcrumb\":{\"@id\":\"https:\\\/\\\/adyraingenieria.com\\\/sobre-nosotros\\\/#breadcrumb\"},\"inLanguage\":\"en-GB\",\"potentialAction\":[{\"@type\":\"ReadAction\",\"target\":[\"https:\\\/\\\/adyraingenieria.com\\\/sobre-nosotros\\\/\"]}]},{\"@type\":\"ImageObject\",\"inLanguage\":\"en-GB\",\"@id\":\"https:\\\/\\\/adyraingenieria.com\\\/sobre-nosotros\\\/#primaryimage\",\"url\":\"https:\\\/\\\/adyraingenieria.com\\\/wp-content\\\/uploads\\\/2024\\\/06\\\/Perito-4.jpg\",\"contentUrl\":\"https:\\\/\\\/adyraingenieria.com\\\/wp-content\\\/uploads\\\/2024\\\/06\\\/Perito-4.jpg\",\"width\":1920,\"height\":1280,\"caption\":\"Revisi\u00f3n veh\u00edculo\"},{\"@type\":\"BreadcrumbList\",\"@id\":\"https:\\\/\\\/adyraingenieria.com\\\/sobre-nosotros\\\/#breadcrumb\",\"itemListElement\":[{\"@type\":\"ListItem\",\"position\":1,\"name\":\"Portada\",\"item\":\"https:\\\/\\\/adyraingenieria.com\\\/\"},{\"@type\":\"ListItem\",\"position\":2,\"name\":\"Sobre nosotros\"}]},{\"@type\":\"WebSite\",\"@id\":\"https:\\\/\\\/adyraingenieria.com\\\/#website\",\"url\":\"https:\\\/\\\/adyraingenieria.com\\\/\",\"name\":\"Adyra Ingenieria\",\"description\":\"\",\"publisher\":{\"@id\":\"https:\\\/\\\/adyraingenieria.com\\\/#organization\"},\"potentialAction\":[{\"@type\":\"SearchAction\",\"target\":{\"@type\":\"EntryPoint\",\"urlTemplate\":\"https:\\\/\\\/adyraingenieria.com\\\/?s={search_term_string}\"},\"query-input\":{\"@type\":\"PropertyValueSpecification\",\"valueRequired\":true,\"valueName\":\"search_term_string\"}}],\"inLanguage\":\"en-GB\"},{\"@type\":\"Organization\",\"@id\":\"https:\\\/\\\/adyraingenieria.com\\\/#organization\",\"name\":\"Adyra Ingenieria SLP\",\"alternateName\":\"Adyra Ingenieria\",\"url\":\"https:\\\/\\\/adyraingenieria.com\\\/\",\"logo\":{\"@type\":\"ImageObject\",\"inLanguage\":\"en-GB\",\"@id\":\"https:\\\/\\\/adyraingenieria.com\\\/#\\\/schema\\\/logo\\\/image\\\/\",\"url\":\"https:\\\/\\\/adyraingenieria.com\\\/wp-content\\\/uploads\\\/2024\\\/05\\\/CapturaLogo-e1714732891131.jpg\",\"contentUrl\":\"https:\\\/\\\/adyraingenieria.com\\\/wp-content\\\/uploads\\\/2024\\\/05\\\/CapturaLogo-e1714732891131.jpg\",\"width\":514,\"height\":252,\"caption\":\"Adyra Ingenieria SLP\"},\"image\":{\"@id\":\"https:\\\/\\\/adyraingenieria.com\\\/#\\\/schema\\\/logo\\\/image\\\/\"}}]}<\/script>\n<!-- \/ Yoast SEO plugin. -->","yoast_head_json":{"title":"Sobre nosotros - Adyra Ingenieria","description":"M\u00e1s de 15 a\u00f1os realizando valoraciones y tasaciones sobre da\u00f1os y siniestros en veh\u00edculos autom\u00f3viles.","robots":{"index":"index","follow":"follow","max-snippet":"max-snippet:-1","max-image-preview":"max-image-preview:large","max-video-preview":"max-video-preview:-1"},"canonical":"https:\/\/adyraingenieria.com\/en\/sobre-nosotros\/","og_locale":"en_GB","og_type":"article","og_title":"Sobre nosotros - Adyra Ingenieria","og_description":"M\u00e1s de 15 a\u00f1os realizando valoraciones y tasaciones sobre da\u00f1os y siniestros en veh\u00edculos autom\u00f3viles.","og_url":"https:\/\/adyraingenieria.com\/en\/sobre-nosotros\/","og_site_name":"Adyra Ingenieria","article_modified_time":"2024-07-09T08:00:06+00:00","og_image":[{"width":1920,"height":1280,"url":"https:\/\/adyraingenieria.com\/wp-content\/uploads\/2024\/06\/Perito-4.jpg","type":"image\/jpeg"}],"twitter_card":"summary_large_image","twitter_misc":{"Estimated reading time":"2 minutes"},"schema":{"@context":"https:\/\/schema.org","@graph":[{"@type":"WebPage","@id":"https:\/\/adyraingenieria.com\/sobre-nosotros\/","url":"https:\/\/adyraingenieria.com\/sobre-nosotros\/","name":"Sobre nosotros - Adyra Ingenieria","isPartOf":{"@id":"https:\/\/adyraingenieria.com\/#website"},"primaryImageOfPage":{"@id":"https:\/\/adyraingenieria.com\/sobre-nosotros\/#primaryimage"},"image":{"@id":"https:\/\/adyraingenieria.com\/sobre-nosotros\/#primaryimage"},"thumbnailUrl":"https:\/\/adyraingenieria.com\/wp-content\/uploads\/2024\/06\/Perito-4.jpg","datePublished":"2024-05-03T12:16:27+00:00","dateModified":"2024-07-09T08:00:06+00:00","description":"M\u00e1s de 15 a\u00f1os realizando valoraciones y tasaciones sobre da\u00f1os y siniestros en veh\u00edculos autom\u00f3viles.","breadcrumb":{"@id":"https:\/\/adyraingenieria.com\/sobre-nosotros\/#breadcrumb"},"inLanguage":"en-GB","potentialAction":[{"@type":"ReadAction","target":["https:\/\/adyraingenieria.com\/sobre-nosotros\/"]}]},{"@type":"ImageObject","inLanguage":"en-GB","@id":"https:\/\/adyraingenieria.com\/sobre-nosotros\/#primaryimage","url":"https:\/\/adyraingenieria.com\/wp-content\/uploads\/2024\/06\/Perito-4.jpg","contentUrl":"https:\/\/adyraingenieria.com\/wp-content\/uploads\/2024\/06\/Perito-4.jpg","width":1920,"height":1280,"caption":"Revisi\u00f3n veh\u00edculo"},{"@type":"BreadcrumbList","@id":"https:\/\/adyraingenieria.com\/sobre-nosotros\/#breadcrumb","itemListElement":[{"@type":"ListItem","position":1,"name":"Portada","item":"https:\/\/adyraingenieria.com\/"},{"@type":"ListItem","position":2,"name":"Sobre nosotros"}]},{"@type":"WebSite","@id":"https:\/\/adyraingenieria.com\/#website","url":"https:\/\/adyraingenieria.com\/","name":"Adyra Ingenieria","description":"","publisher":{"@id":"https:\/\/adyraingenieria.com\/#organization"},"potentialAction":[{"@type":"SearchAction","target":{"@type":"EntryPoint","urlTemplate":"https:\/\/adyraingenieria.com\/?s={search_term_string}"},"query-input":{"@type":"PropertyValueSpecification","valueRequired":true,"valueName":"search_term_string"}}],"inLanguage":"en-GB"},{"@type":"Organization","@id":"https:\/\/adyraingenieria.com\/#organization","name":"Adyra Ingenieria SLP","alternateName":"Adyra Ingenieria","url":"https:\/\/adyraingenieria.com\/","logo":{"@type":"ImageObject","inLanguage":"en-GB","@id":"https:\/\/adyraingenieria.com\/#\/schema\/logo\/image\/","url":"https:\/\/adyraingenieria.com\/wp-content\/uploads\/2024\/05\/CapturaLogo-e1714732891131.jpg","contentUrl":"https:\/\/adyraingenieria.com\/wp-content\/uploads\/2024\/05\/CapturaLogo-e1714732891131.jpg","width":514,"height":252,"caption":"Adyra Ingenieria SLP"},"image":{"@id":"https:\/\/adyraingenieria.com\/#\/schema\/logo\/image\/"}}]}},"_links":{"self":[{"href":"https:\/\/adyraingenieria.com\/en\/wp-json\/wp\/v2\/pages\/48977","targetHints":{"allow":["GET"]}}],"collection":[{"href":"https:\/\/adyraingenieria.com\/en\/wp-json\/wp\/v2\/pages"}],"about":[{"href":"https:\/\/adyraingenieria.com\/en\/wp-json\/wp\/v2\/types\/page"}],"author":[{"embeddable":true,"href":"https:\/\/adyraingenieria.com\/en\/wp-json\/wp\/v2\/users\/1"}],"replies":[{"embeddable":true,"href":"https:\/\/adyraingenieria.com\/en\/wp-json\/wp\/v2\/comments?post=48977"}],"version-history":[{"count":10,"href":"https:\/\/adyraingenieria.com\/en\/wp-json\/wp\/v2\/pages\/48977\/revisions"}],"predecessor-version":[{"id":49378,"href":"https:\/\/adyraingenieria.com\/en\/wp-json\/wp\/v2\/pages\/48977\/revisions\/49378"}],"wp:featuredmedia":[{"embeddable":true,"href":"https:\/\/adyraingenieria.com\/en\/wp-json\/wp\/v2\/media\/49348"}],"wp:attachment":[{"href":"https:\/\/adyraingenieria.com\/en\/wp-json\/wp\/v2\/media?parent=48977"}],"curies":[{"name":"wp","href":"https:\/\/api.w.org\/{rel}","templated":true}]}}