{"id":49024,"date":"2024-05-06T08:05:31","date_gmt":"2024-05-06T08:05:31","guid":{"rendered":"https:\/\/adyraingenieria.es\/?page_id=49024"},"modified":"2024-06-27T10:04:58","modified_gmt":"2024-06-27T08:04:58","slug":"politica-accesibilidad","status":"publish","type":"page","link":"https:\/\/adyraingenieria.com\/en\/politica-accesibilidad\/","title":{"rendered":"Politica Accesibilidad"},"content":{"rendered":"<p>[et_pb_section fb_built=\u00bb1&#8243; fullwidth=\u00bbon\u00bb _builder_version=\u00bb4.16&#8243; animation_style=\u00bbslide\u00bb animation_direction=\u00bbtop\u00bb animation_intensity_slide=\u00bb2%\u00bb animation_starting_opacity=\u00bb100%\u00bb global_colors_info=\u00bb{}\u00bb][et_pb_fullwidth_header title=\u00bbPol\u00edtica de Accesibilidad\u00bb subhead=\u00bbDescubra todos los detalles sobre nuestra pol\u00edtica de accesibilidad a continuaci\u00f3n:\u00bb content_max_width=\u00bb800px\u00bb _builder_version=\u00bb4.25.0&#8243; title_font=\u00bbLato||||||||\u00bb title_font_size=\u00bb60px\u00bb title_line_height=\u00bb1.2em\u00bb content_font=\u00bb||||||||\u00bb content_font_size=\u00bb20px\u00bb content_line_height=\u00bb1.8em\u00bb background_color=\u00bbrgba(255, 255, 255, 0)\u00bb use_background_color_gradient=\u00bbon\u00bb background_color_gradient_direction=\u00bb90deg\u00bb background_color_gradient_stops=\u00bbrgba(0,0,0,0.75) 0%|rgba(0,0,0,0) 100%\u00bb background_color_gradient_overlays_image=\u00bbon\u00bb background_color_gradient_start=\u00bbrgba(0,0,0,0.75)\u00bb background_color_gradient_end=\u00bbrgba(0,0,0,0)\u00bb background_image=\u00bbhttps:\/\/adyraingenieria.com\/wp-content\/uploads\/2024\/05\/Captura-de-pantalla-2024-05-06-101949.png\u00bb custom_button_one=\u00bbon\u00bb button_one_text_size=\u00bb28px\u00bb button_one_bg_color=\u00bb#02d002&#8243; button_one_border_width=\u00bb8px\u00bb button_one_border_color=\u00bb#02d002&#8243; button_one_border_radius=\u00bb0px\u00bb button_one_letter_spacing=\u00bb1px\u00bb button_one_font=\u00bbLato|700|||||||\u00bb button_one_use_icon=\u00bboff\u00bb custom_button_two=\u00bbon\u00bb button_two_text_size=\u00bb18px\u00bb button_two_text_color=\u00bb#353740&#8243; button_two_bg_color=\u00bb#ffffff\u00bb button_two_border_width=\u00bb8px\u00bb button_two_border_color=\u00bb#ffffff\u00bb button_two_border_radius=\u00bb0px\u00bb button_two_letter_spacing=\u00bb1px\u00bb button_two_font=\u00bbLato|700|||||||\u00bb button_two_use_icon=\u00bboff\u00bb custom_margin=\u00bb|||\u00bb custom_padding=\u00bb8%||8%|\u00bb animation_style=\u00bbfade\u00bb button_one_letter_spacing_hover=\u00bb1px\u00bb button_two_letter_spacing_hover=\u00bb1px\u00bb locked=\u00bboff\u00bb global_colors_info=\u00bb{}\u00bb button_one_text_size__hover_enabled=\u00bboff\u00bb button_two_text_size__hover_enabled=\u00bboff\u00bb button_one_text_color__hover_enabled=\u00bboff\u00bb button_two_text_color__hover_enabled=\u00bboff\u00bb button_one_border_width__hover_enabled=\u00bboff\u00bb button_two_border_width__hover_enabled=\u00bboff\u00bb button_one_border_color__hover_enabled=\u00bboff\u00bb button_two_border_color__hover_enabled=\u00bboff\u00bb button_one_border_radius__hover_enabled=\u00bboff\u00bb button_two_border_radius__hover_enabled=\u00bboff\u00bb button_one_letter_spacing__hover_enabled=\u00bbon\u00bb button_one_letter_spacing__hover=\u00bb1px\u00bb button_two_letter_spacing__hover_enabled=\u00bbon\u00bb button_two_letter_spacing__hover=\u00bb1px\u00bb button_one_bg_color__hover_enabled=\u00bboff\u00bb button_two_bg_color__hover_enabled=\u00bboff\u00bb][\/et_pb_fullwidth_header][\/et_pb_section][et_pb_section fb_built=\u00bb1&#8243; admin_label=\u00bbInformation Section\u00bb _builder_version=\u00bb4.25.0&#8243; custom_padding=\u00bb100px||100px|\u00bb animation_style=\u00bbfade\u00bb global_colors_info=\u00bb{}\u00bb][et_pb_row admin_label=\u00bbInformation Area\u00bb _builder_version=\u00bb4.16&#8243; max_width=\u00bb833px\u00bb custom_margin=\u00bb|||\u00bb use_custom_width=\u00bbon\u00bb custom_width_px=\u00bb650px\u00bb global_colors_info=\u00bb{}\u00bb][et_pb_column type=\u00bb4_4&#8243; _builder_version=\u00bb4.16&#8243; custom_padding=\u00bb|||\u00bb global_colors_info=\u00bb{}\u00bb custom_padding__hover=\u00bb|||\u00bb][et_pb_text _builder_version=\u00bb4.25.2&#8243; text_font=\u00bb||||||||\u00bb text_font_size=\u00bb16px\u00bb text_line_height=\u00bb1.8em\u00bb header_font=\u00bb||||||||\u00bb header_2_font=\u00bbLato||||||||\u00bb header_2_font_size=\u00bb36px\u00bb header_2_line_height=\u00bb1.5em\u00bb module_alignment=\u00bbcenter\u00bb custom_margin=\u00bb||15px|\u00bb custom_padding=\u00bb|||\u00bb animation_direction=\u00bbleft\u00bb hover_enabled=\u00bb0&#8243; global_colors_info=\u00bb{}\u00bb sticky_enabled=\u00bb0&#8243;]<\/p>\n<p><strong>Adyra Ingenier\u00eda SLP<\/strong> se compromete a ofrecer un sitio web accesible para todos los usuarios, independientemente de sus capacidades, incluidos aquellos que utilizan tecnolog\u00edas de apoyo como lectores de pantalla, software de ampliaci\u00f3n de pantalla y dispositivos alternativos de introducci\u00f3n de datos mediante el teclado para navegar por la web.<\/p>\n<p><strong>Esfuerzos continuos para garantizar la accesibilidad<\/strong> Seguimos las Pautas de Accesibilidad al Contenido en la Web (WCAG) versi\u00f3n 2.1 como principio rector para determinar la accesibilidad. Se trata de normas acordadas internacionalmente que abarcan una amplia gama de recomendaciones y buenas pr\u00e1cticas para hacer que los contenidos sean utilizables. A medida que a\u00f1adimos nuevas p\u00e1ginas y funcionalidades a nuestro sitio web, todos los dise\u00f1os, c\u00f3digos y pr\u00e1cticas de introducci\u00f3n de contenidos se contrastan con estas normas.<\/p>\n<p>La accesibilidad del sitio web es un proceso continuo. Comprobamos continuamente que el contenido y las funciones cumplen las normas WCAG 2.1 Nivel AA y corregimos cualquier problema para asegurarnos de que cumplimos o superamos las normas. Los miembros de nuestro equipo realizan las pruebas de nuestro sitio web con herramientas est\u00e1ndar del sector, como el plugin de WordPress Accessibility Checker, analizadores de contraste de colores, t\u00e9cnicas de navegaci\u00f3n con teclado y pruebas de legibilidad de Flesch-Kincaid.<\/p>\n<p><strong>Funciones de accesibilidad en nuestro sitio web<\/strong> A continuaci\u00f3n figura una lista de criterios que tratamos de cumplir en materia de accesibilidad, as\u00ed como otros elementos que hemos incluido en nuestro sitio web para mejorar su accesibilidad:<\/p>\n<ul>\n<li>Percepci\u00f3n visual: Garantizar que el contenido sea legible y comprensible para personas con discapacidades visuales, como proporcionar suficiente contraste de color.<\/li>\n<li>Alternativas para medios: Proporcionar descripciones de texto para contenido no textual, como im\u00e1genes, para que las personas con discapacidad visual puedan entender el contenido.<\/li>\n<li>Adaptabilidad: Asegurar que el contenido sea funcional y accesible en una variedad de dispositivos y tama\u00f1os de pantalla.<\/li>\n<li>Contraste: Mantener un contraste adecuado entre el texto y el fondo para mejorar la legibilidad.<\/li>\n<li>Tama\u00f1o de texto: Permitir que los usuarios aumenten el tama\u00f1o del texto sin perder funcionalidad o contenido.<\/li>\n<li>Navegaci\u00f3n consistente: Mantener una navegaci\u00f3n coherente y predecible en todo el sitio web.<\/li>\n<li>Enfoque visible: Indicar claramente qu\u00e9 elemento o parte del contenido tiene el foco del teclado o del cursor.<\/li>\n<li>Navegaci\u00f3n de teclado: Hacer que todo el contenido sea accesible y utilizable mediante el teclado, sin requerir un mouse.<\/li>\n<li>Tiempo suficiente: Proporcionar a los usuarios tiempo suficiente para leer y utilizar el contenido, especialmente en casos como formularios.<\/li>\n<li>Evitar trampas de teclado: Evitar trampas de teclado, como trampas en men\u00fas desplegables, para usuarios que navegan con teclado.<\/li>\n<li>Contenido adaptable: Hacer que el contenido sea adaptable para acomodar diferentes necesidades, como el cambio de orientaci\u00f3n del dispositivo.<\/li>\n<li>Etiquetas y errores: Garantizar que los formularios y controles tengan etiquetas descriptivas y que se proporcionen mensajes de error claros.<\/li>\n<li>Contraste al paso: Mantener un contraste adecuado incluso cuando el contenido se desplace o se mueva.<\/li>\n<li>Texto adaptado: Ofrecer formas de personalizar el texto, como cambiar la fuente o el espaciado, para usuarios con necesidades espec\u00edficas.<\/li>\n<li>Distinguir contenido: Facilitar la identificaci\u00f3n y distinci\u00f3n de elementos en el contenido, como enlaces y botones.<\/li>\n<\/ul>\n<p><strong>Siempre estamos mejorando<\/strong> Esto forma parte de nuestro esfuerzo m\u00e1s amplio por hacer que la experiencia de todos en Adyra Ingenier\u00eda SLP sea acogedora y agradable. Tenga en cuenta que, aunque hacemos todo lo posible por proporcionar informaci\u00f3n accesible para todos los usuarios, no podemos garantizar la accesibilidad de los sitios web de terceros a los que podamos enlazar.<\/p>\n<p><strong>Contacto de apoyo a la accesibilidad<\/strong> Agradecemos sus comentarios, preguntas y opiniones sobre nuestro sitio web. Si utiliza tecnolog\u00edas de apoyo y tiene dificultades para utilizar nuestro sitio web, env\u00edenos un correo electr\u00f3nico a <a href=\"mailto:info@adyraingenieria.com\" data-linkindex=\"2\">info@adyraingenieria.com<\/a>. Haremos todo lo posible por ayudarle y resolver sus problemas.<\/p>\n<p>Esta pol\u00edtica de accesibilidad fue actualizada por \u00faltima vez el 27 de junio de 2024 y se aplica a los ciudadanos y residentes legales permanentes del Espacio Econ\u00f3mico Europeo y Suiza.<\/p>\n<p>[\/et_pb_text][\/et_pb_column][\/et_pb_row][\/et_pb_section]<\/p>\n","protected":false},"excerpt":{"rendered":"<p>Adyra Ingenier\u00eda SLP se compromete a ofrecer un sitio web accesible para todos los usuarios, independientemente de sus capacidades, incluidos aquellos que utilizan tecnolog\u00edas de apoyo como lectores de pantalla, software de ampliaci\u00f3n de pantalla y dispositivos alternativos de introducci\u00f3n de datos mediante el teclado para navegar por la web. Esfuerzos continuos para garantizar la [&hellip;]<\/p>\n","protected":false},"author":1,"featured_media":0,"parent":0,"menu_order":0,"comment_status":"closed","ping_status":"closed","template":"","meta":{"_et_pb_use_builder":"on","_et_pb_old_content":"","_et_gb_content_width":"","footnotes":""},"class_list":["post-49024","page","type-page","status-publish","hentry"],"yoast_head":"<!-- This site is optimized with the Yoast SEO plugin v27.4 - https:\/\/yoast.com\/product\/yoast-seo-wordpress\/ -->\n<title>Politica Accesibilidad - Adyra Ingenieria<\/title>\n<meta name=\"robots\" content=\"index, follow, max-snippet:-1, max-image-preview:large, max-video-preview:-1\" \/>\n<link rel=\"canonical\" href=\"https:\/\/adyraingenieria.com\/en\/politica-accesibilidad\/\" \/>\n<meta property=\"og:locale\" content=\"en_GB\" \/>\n<meta property=\"og:type\" content=\"article\" \/>\n<meta property=\"og:title\" content=\"Politica Accesibilidad - Adyra Ingenieria\" \/>\n<meta property=\"og:description\" content=\"Adyra Ingenier\u00eda SLP se compromete a ofrecer un sitio web accesible para todos los usuarios, independientemente de sus capacidades, incluidos aquellos que utilizan tecnolog\u00edas de apoyo como lectores de pantalla, software de ampliaci\u00f3n de pantalla y dispositivos alternativos de introducci\u00f3n de datos mediante el teclado para navegar por la web. Esfuerzos continuos para garantizar la [&hellip;]\" \/>\n<meta property=\"og:url\" content=\"https:\/\/adyraingenieria.com\/en\/politica-accesibilidad\/\" \/>\n<meta property=\"og:site_name\" content=\"Adyra Ingenieria\" \/>\n<meta property=\"article:modified_time\" content=\"2024-06-27T08:04:58+00:00\" \/>\n<meta property=\"og:image\" content=\"https:\/\/adyraingenieria.com\/wp-content\/uploads\/2024\/05\/pexels-matthiaszomer-618158.jpg\" \/>\n\t<meta property=\"og:image:width\" content=\"1260\" \/>\n\t<meta property=\"og:image:height\" content=\"710\" \/>\n\t<meta property=\"og:image:type\" content=\"image\/jpeg\" \/>\n<meta name=\"twitter:card\" content=\"summary_large_image\" \/>\n<meta name=\"twitter:label1\" content=\"Estimated reading time\" \/>\n\t<meta name=\"twitter:data1\" content=\"6 minutes\" \/>\n<script type=\"application\/ld+json\" class=\"yoast-schema-graph\">{\"@context\":\"https:\\\/\\\/schema.org\",\"@graph\":[{\"@type\":\"WebPage\",\"@id\":\"https:\\\/\\\/adyraingenieria.com\\\/politica-accesibilidad\\\/\",\"url\":\"https:\\\/\\\/adyraingenieria.com\\\/politica-accesibilidad\\\/\",\"name\":\"Politica Accesibilidad - Adyra Ingenieria\",\"isPartOf\":{\"@id\":\"https:\\\/\\\/adyraingenieria.com\\\/#website\"},\"datePublished\":\"2024-05-06T08:05:31+00:00\",\"dateModified\":\"2024-06-27T08:04:58+00:00\",\"breadcrumb\":{\"@id\":\"https:\\\/\\\/adyraingenieria.com\\\/politica-accesibilidad\\\/#breadcrumb\"},\"inLanguage\":\"en-GB\",\"potentialAction\":[{\"@type\":\"ReadAction\",\"target\":[\"https:\\\/\\\/adyraingenieria.com\\\/politica-accesibilidad\\\/\"]}]},{\"@type\":\"BreadcrumbList\",\"@id\":\"https:\\\/\\\/adyraingenieria.com\\\/politica-accesibilidad\\\/#breadcrumb\",\"itemListElement\":[{\"@type\":\"ListItem\",\"position\":1,\"name\":\"Portada\",\"item\":\"https:\\\/\\\/adyraingenieria.com\\\/\"},{\"@type\":\"ListItem\",\"position\":2,\"name\":\"Politica Accesibilidad\"}]},{\"@type\":\"WebSite\",\"@id\":\"https:\\\/\\\/adyraingenieria.com\\\/#website\",\"url\":\"https:\\\/\\\/adyraingenieria.com\\\/\",\"name\":\"Adyra Ingenieria\",\"description\":\"\",\"publisher\":{\"@id\":\"https:\\\/\\\/adyraingenieria.com\\\/#organization\"},\"potentialAction\":[{\"@type\":\"SearchAction\",\"target\":{\"@type\":\"EntryPoint\",\"urlTemplate\":\"https:\\\/\\\/adyraingenieria.com\\\/?s={search_term_string}\"},\"query-input\":{\"@type\":\"PropertyValueSpecification\",\"valueRequired\":true,\"valueName\":\"search_term_string\"}}],\"inLanguage\":\"en-GB\"},{\"@type\":\"Organization\",\"@id\":\"https:\\\/\\\/adyraingenieria.com\\\/#organization\",\"name\":\"Adyra Ingenieria SLP\",\"alternateName\":\"Adyra Ingenieria\",\"url\":\"https:\\\/\\\/adyraingenieria.com\\\/\",\"logo\":{\"@type\":\"ImageObject\",\"inLanguage\":\"en-GB\",\"@id\":\"https:\\\/\\\/adyraingenieria.com\\\/#\\\/schema\\\/logo\\\/image\\\/\",\"url\":\"https:\\\/\\\/adyraingenieria.com\\\/wp-content\\\/uploads\\\/2024\\\/05\\\/CapturaLogo-e1714732891131.jpg\",\"contentUrl\":\"https:\\\/\\\/adyraingenieria.com\\\/wp-content\\\/uploads\\\/2024\\\/05\\\/CapturaLogo-e1714732891131.jpg\",\"width\":514,\"height\":252,\"caption\":\"Adyra Ingenieria SLP\"},\"image\":{\"@id\":\"https:\\\/\\\/adyraingenieria.com\\\/#\\\/schema\\\/logo\\\/image\\\/\"}}]}<\/script>\n<!-- \/ Yoast SEO plugin. -->","yoast_head_json":{"title":"Politica Accesibilidad - Adyra Ingenieria","robots":{"index":"index","follow":"follow","max-snippet":"max-snippet:-1","max-image-preview":"max-image-preview:large","max-video-preview":"max-video-preview:-1"},"canonical":"https:\/\/adyraingenieria.com\/en\/politica-accesibilidad\/","og_locale":"en_GB","og_type":"article","og_title":"Politica Accesibilidad - Adyra Ingenieria","og_description":"Adyra Ingenier\u00eda SLP se compromete a ofrecer un sitio web accesible para todos los usuarios, independientemente de sus capacidades, incluidos aquellos que utilizan tecnolog\u00edas de apoyo como lectores de pantalla, software de ampliaci\u00f3n de pantalla y dispositivos alternativos de introducci\u00f3n de datos mediante el teclado para navegar por la web. Esfuerzos continuos para garantizar la [&hellip;]","og_url":"https:\/\/adyraingenieria.com\/en\/politica-accesibilidad\/","og_site_name":"Adyra Ingenieria","article_modified_time":"2024-06-27T08:04:58+00:00","og_image":[{"width":1260,"height":710,"url":"https:\/\/adyraingenieria.com\/wp-content\/uploads\/2024\/05\/pexels-matthiaszomer-618158.jpg","type":"image\/jpeg"}],"twitter_card":"summary_large_image","twitter_misc":{"Estimated reading time":"6 minutes"},"schema":{"@context":"https:\/\/schema.org","@graph":[{"@type":"WebPage","@id":"https:\/\/adyraingenieria.com\/politica-accesibilidad\/","url":"https:\/\/adyraingenieria.com\/politica-accesibilidad\/","name":"Politica Accesibilidad - Adyra Ingenieria","isPartOf":{"@id":"https:\/\/adyraingenieria.com\/#website"},"datePublished":"2024-05-06T08:05:31+00:00","dateModified":"2024-06-27T08:04:58+00:00","breadcrumb":{"@id":"https:\/\/adyraingenieria.com\/politica-accesibilidad\/#breadcrumb"},"inLanguage":"en-GB","potentialAction":[{"@type":"ReadAction","target":["https:\/\/adyraingenieria.com\/politica-accesibilidad\/"]}]},{"@type":"BreadcrumbList","@id":"https:\/\/adyraingenieria.com\/politica-accesibilidad\/#breadcrumb","itemListElement":[{"@type":"ListItem","position":1,"name":"Portada","item":"https:\/\/adyraingenieria.com\/"},{"@type":"ListItem","position":2,"name":"Politica Accesibilidad"}]},{"@type":"WebSite","@id":"https:\/\/adyraingenieria.com\/#website","url":"https:\/\/adyraingenieria.com\/","name":"Adyra Ingenieria","description":"","publisher":{"@id":"https:\/\/adyraingenieria.com\/#organization"},"potentialAction":[{"@type":"SearchAction","target":{"@type":"EntryPoint","urlTemplate":"https:\/\/adyraingenieria.com\/?s={search_term_string}"},"query-input":{"@type":"PropertyValueSpecification","valueRequired":true,"valueName":"search_term_string"}}],"inLanguage":"en-GB"},{"@type":"Organization","@id":"https:\/\/adyraingenieria.com\/#organization","name":"Adyra Ingenieria SLP","alternateName":"Adyra Ingenieria","url":"https:\/\/adyraingenieria.com\/","logo":{"@type":"ImageObject","inLanguage":"en-GB","@id":"https:\/\/adyraingenieria.com\/#\/schema\/logo\/image\/","url":"https:\/\/adyraingenieria.com\/wp-content\/uploads\/2024\/05\/CapturaLogo-e1714732891131.jpg","contentUrl":"https:\/\/adyraingenieria.com\/wp-content\/uploads\/2024\/05\/CapturaLogo-e1714732891131.jpg","width":514,"height":252,"caption":"Adyra Ingenieria SLP"},"image":{"@id":"https:\/\/adyraingenieria.com\/#\/schema\/logo\/image\/"}}]}},"_links":{"self":[{"href":"https:\/\/adyraingenieria.com\/en\/wp-json\/wp\/v2\/pages\/49024","targetHints":{"allow":["GET"]}}],"collection":[{"href":"https:\/\/adyraingenieria.com\/en\/wp-json\/wp\/v2\/pages"}],"about":[{"href":"https:\/\/adyraingenieria.com\/en\/wp-json\/wp\/v2\/types\/page"}],"author":[{"embeddable":true,"href":"https:\/\/adyraingenieria.com\/en\/wp-json\/wp\/v2\/users\/1"}],"replies":[{"embeddable":true,"href":"https:\/\/adyraingenieria.com\/en\/wp-json\/wp\/v2\/comments?post=49024"}],"version-history":[{"count":7,"href":"https:\/\/adyraingenieria.com\/en\/wp-json\/wp\/v2\/pages\/49024\/revisions"}],"predecessor-version":[{"id":49337,"href":"https:\/\/adyraingenieria.com\/en\/wp-json\/wp\/v2\/pages\/49024\/revisions\/49337"}],"wp:attachment":[{"href":"https:\/\/adyraingenieria.com\/en\/wp-json\/wp\/v2\/media?parent=49024"}],"curies":[{"name":"wp","href":"https:\/\/api.w.org\/{rel}","templated":true}]}}