{"id":49029,"date":"2024-05-06T08:08:29","date_gmt":"2024-05-06T08:08:29","guid":{"rendered":"https:\/\/adyraingenieria.es\/?page_id=49029"},"modified":"2024-06-27T10:06:02","modified_gmt":"2024-06-27T08:06:02","slug":"politica-cookies","status":"publish","type":"page","link":"https:\/\/adyraingenieria.com\/en\/politica-cookies\/","title":{"rendered":"Pol\u00edtica de Cookies"},"content":{"rendered":"<p>[et_pb_section fb_built=\u00bb1&#8243; fullwidth=\u00bbon\u00bb _builder_version=\u00bb4.25.0&#8243; animation_style=\u00bbslide\u00bb animation_direction=\u00bbtop\u00bb animation_intensity_slide=\u00bb2%\u00bb animation_starting_opacity=\u00bb100%\u00bb global_colors_info=\u00bb{}\u00bb][et_pb_fullwidth_header title=\u00bbPol\u00edtica de Cookies\u00bb subhead=\u00bbDescubra todos los detalles sobre nuestra pol\u00edtica de Cookies a continuaci\u00f3n:\u00bb content_max_width=\u00bb800px\u00bb _builder_version=\u00bb4.25.0&#8243; title_font=\u00bbLato||||||||\u00bb title_font_size=\u00bb60px\u00bb title_line_height=\u00bb1.2em\u00bb content_font=\u00bb||||||||\u00bb content_font_size=\u00bb20px\u00bb content_line_height=\u00bb1.8em\u00bb background_color=\u00bbrgba(255, 255, 255, 0)\u00bb use_background_color_gradient=\u00bbon\u00bb background_color_gradient_direction=\u00bb90deg\u00bb background_color_gradient_stops=\u00bbrgba(0,0,0,0.75) 0%|rgba(0,0,0,0) 100%\u00bb background_color_gradient_overlays_image=\u00bbon\u00bb background_color_gradient_start=\u00bbrgba(0,0,0,0.75)\u00bb background_color_gradient_end=\u00bbrgba(0,0,0,0)\u00bb background_image=\u00bbhttps:\/\/adyraingenieria.com\/wp-content\/uploads\/2024\/05\/Captura-de-pantalla-2024-05-06-101847.png\u00bb background_position=\u00bbcenter_left\u00bb custom_button_one=\u00bbon\u00bb button_one_text_size=\u00bb28px\u00bb button_one_bg_color=\u00bb#02d002&#8243; button_one_border_width=\u00bb8px\u00bb button_one_border_color=\u00bb#02d002&#8243; button_one_border_radius=\u00bb0px\u00bb button_one_letter_spacing=\u00bb1px\u00bb button_one_font=\u00bbLato|700|||||||\u00bb button_one_use_icon=\u00bboff\u00bb custom_button_two=\u00bbon\u00bb button_two_text_size=\u00bb18px\u00bb button_two_text_color=\u00bb#353740&#8243; button_two_bg_color=\u00bb#ffffff\u00bb button_two_border_width=\u00bb8px\u00bb button_two_border_color=\u00bb#ffffff\u00bb button_two_border_radius=\u00bb0px\u00bb button_two_letter_spacing=\u00bb1px\u00bb button_two_font=\u00bbLato|700|||||||\u00bb button_two_use_icon=\u00bboff\u00bb custom_margin=\u00bb|||\u00bb custom_padding=\u00bb8%||8%|\u00bb animation_style=\u00bbfade\u00bb button_one_letter_spacing_hover=\u00bb1px\u00bb button_two_letter_spacing_hover=\u00bb1px\u00bb locked=\u00bboff\u00bb global_colors_info=\u00bb{}\u00bb button_one_text_size__hover_enabled=\u00bboff\u00bb button_two_text_size__hover_enabled=\u00bboff\u00bb button_one_text_color__hover_enabled=\u00bboff\u00bb button_two_text_color__hover_enabled=\u00bboff\u00bb button_one_border_width__hover_enabled=\u00bboff\u00bb button_two_border_width__hover_enabled=\u00bboff\u00bb button_one_border_color__hover_enabled=\u00bboff\u00bb button_two_border_color__hover_enabled=\u00bboff\u00bb button_one_border_radius__hover_enabled=\u00bboff\u00bb button_two_border_radius__hover_enabled=\u00bboff\u00bb button_one_letter_spacing__hover_enabled=\u00bbon\u00bb button_one_letter_spacing__hover=\u00bb1px\u00bb button_two_letter_spacing__hover_enabled=\u00bbon\u00bb button_two_letter_spacing__hover=\u00bb1px\u00bb button_one_bg_color__hover_enabled=\u00bboff\u00bb button_two_bg_color__hover_enabled=\u00bboff\u00bb][\/et_pb_fullwidth_header][\/et_pb_section][et_pb_section fb_built=\u00bb1&#8243; admin_label=\u00bbInformation Section\u00bb _builder_version=\u00bb4.25.0&#8243; custom_padding=\u00bb100px||100px|\u00bb animation_style=\u00bbfade\u00bb global_colors_info=\u00bb{}\u00bb][et_pb_row admin_label=\u00bbInformation Area\u00bb _builder_version=\u00bb4.16&#8243; max_width=\u00bb833px\u00bb custom_margin=\u00bb|||\u00bb use_custom_width=\u00bbon\u00bb custom_width_px=\u00bb650px\u00bb global_colors_info=\u00bb{}\u00bb][et_pb_column type=\u00bb4_4&#8243; _builder_version=\u00bb4.16&#8243; custom_padding=\u00bb|||\u00bb global_colors_info=\u00bb{}\u00bb custom_padding__hover=\u00bb|||\u00bb][et_pb_text _builder_version=\u00bb4.25.2&#8243; text_font=\u00bb||||||||\u00bb text_font_size=\u00bb16px\u00bb text_line_height=\u00bb1.8em\u00bb header_font=\u00bb||||||||\u00bb header_2_font=\u00bbLato||||||||\u00bb header_2_font_size=\u00bb36px\u00bb header_2_line_height=\u00bb1.5em\u00bb module_alignment=\u00bbcenter\u00bb custom_margin=\u00bb||15px|\u00bb custom_padding=\u00bb|||\u00bb animation_direction=\u00bbleft\u00bb hover_enabled=\u00bb0&#8243; global_colors_info=\u00bb{}\u00bb sticky_enabled=\u00bb0&#8243;]<\/p>\n<p><strong>\u00bfQu\u00e9 son las cookies?<\/strong> Esta Pol\u00edtica de Cookies explica qu\u00e9 son las cookies y c\u00f3mo las utilizamos, los tipos de cookies que utilizamos, es decir, la informaci\u00f3n que recopilamos utilizando cookies y c\u00f3mo se utiliza esa informaci\u00f3n, y c\u00f3mo gestionar la configuraci\u00f3n de las cookies.<\/p>\n<p>Las cookies son peque\u00f1os archivos de texto que se utilizan para almacenar peque\u00f1as piezas de informaci\u00f3n. Se almacenan en su dispositivo cuando el sitio web se carga en su navegador. Estas cookies nos ayudan a hacer que el sitio web funcione correctamente, a hacerlo m\u00e1s seguro, a proporcionar una mejor experiencia al usuario y a entender c\u00f3mo funciona el sitio web y analizar qu\u00e9 funciona y en qu\u00e9 aspectos necesita mejoras.<\/p>\n<p><strong>\u00bfC\u00f3mo utilizamos las cookies?<\/strong> Como la mayor\u00eda de los servicios en l\u00ednea, nuestro sitio web utiliza cookies propias y de terceros para diversos fines. Las cookies de origen son en su mayor\u00eda necesarias para que el sitio web funcione correctamente, y no recogen ning\u00fan dato personal que pueda identificarle.<\/p>\n<p>Las cookies de terceros utilizadas en nuestro sitio web sirven principalmente para comprender c\u00f3mo funciona el sitio web, c\u00f3mo interact\u00faa usted con nuestro sitio web, mantener la seguridad de nuestros servicios, proporcionar anuncios que sean relevantes para usted y, en definitiva, proporcionarle una experiencia de usuario mejorada y ayudar a agilizar sus futuras interacciones con nuestro sitio web.<\/p>\n<p><strong>\u00bfQu\u00e9 cookies utilizamos?<\/strong> <strong>Necesaria<\/strong> Las cookies necesarias son cruciales para las funciones b\u00e1sicas del sitio web y el sitio web no funcionar\u00e1 de la forma prevista sin ellas. Estas cookies no almacenan ning\u00fan dato de identificaci\u00f3n personal.<\/p>\n<ul>\n<li><strong>Cookie<\/strong>: cookieyes-consent<\/li>\n<li><strong>Duraci\u00f3n<\/strong>: 1 a\u00f1o<\/li>\n<li><strong>Descripci\u00f3n<\/strong>: CookieYes establece esta cookie para recordar las preferencias de consentimiento de los usuarios, de modo que se respeten sus preferencias en las siguientes visitas a este sitio. No recoge ni almacena ninguna informaci\u00f3n personal sobre los visitantes del sitio.<\/li>\n<\/ul>\n<p><strong>Preferencias de cookies<\/strong> Puede cambiar sus preferencias de cookies en cualquier momento haciendo clic en el bot\u00f3n anterior. Esto le permitir\u00e1 volver a visitar el banner de consentimiento de cookies y cambiar sus preferencias o retirar su consentimiento de inmediato.<\/p>\n<p>Adem\u00e1s, los distintos navegadores ofrecen diferentes m\u00e9todos para bloquear y eliminar las cookies utilizadas por los sitios web. Puede cambiar la configuraci\u00f3n de su navegador para bloquear o eliminar las cookies. A continuaci\u00f3n se indican los enlaces a los documentos de ayuda sobre c\u00f3mo gestionar y eliminar las cookies de los principales navegadores web.<\/p>\n<ul>\n<li>Chrome: <a target=\"_new\" rel=\"noreferrer noopener\" href=\"https:\/\/support.google.com\/accounts\/answer\/32050\">https:\/\/support.google.com\/accounts\/answer\/32050<\/a><\/li>\n<li>Safari: <a target=\"_new\" rel=\"noreferrer noopener\" href=\"https:\/\/support.apple.com\/en-in\/guide\/safari\/sfri11471\/mac\">https:\/\/support.apple.com\/en-in\/guide\/safari\/sfri11471\/mac<\/a><\/li>\n<li>Firefox: <a target=\"_new\" rel=\"noreferrer noopener\" href=\"https:\/\/support.mozilla.org\/en-US\/kb\/clear-cookies-and-site-data-firefox?redirectslug=delete-cookies-remove-info-websites-stored&amp;redirectlocale=en-US\">https:\/\/support.mozilla.org\/en-US\/kb\/clear-cookies-and-site-data-firefox?redirectslug=delete-cookies-remove-info-websites-stored&amp;redirectlocale=en-US<\/a><\/li>\n<li>Internet Explorer: <a target=\"_new\" rel=\"noreferrer noopener\" href=\"https:\/\/support.microsoft.com\/en-us\/topic\/how-to-delete-cookie-files-in-internet-explorer-bca9446f-d873-78de-77ba-d42645fa52fc\">https:\/\/support.microsoft.com\/en-us\/topic\/how-to-delete-cookie-files-in-internet-explorer-bca9446f-d873-78de-77ba-d42645fa52fc<\/a><\/li>\n<\/ul>\n<p>Si utiliza cualquier otro navegador, consulte la documentaci\u00f3n oficial de su navegador.<\/p>\n<p><strong>Datos de contacto<\/strong> Para preguntas y\/o comentarios sobre nuestra pol\u00edtica de cookies y esta declaraci\u00f3n, por favor, contacta con nosotros usando los siguientes datos de contacto:<\/p>\n<p>Adyra Ingenier\u00eda SLP<br \/>Web: <a target=\"_new\" rel=\"noreferrer noopener\" href=\"https:\/\/adyraingenieria.com\/\">https:\/\/www.adyraingenieria.com<\/a><br \/>Correo electr\u00f3nico: <a href=\"mailto:info@adyraingenieria.com\" data-linkindex=\"2\">info@adyraingenieria.com<\/a><br \/>N\u00famero de tel\u00e9fono: 912266444<\/p>\n<p>[\/et_pb_text][\/et_pb_column][\/et_pb_row][\/et_pb_section]<\/p>\n","protected":false},"excerpt":{"rendered":"<p>\u00bfQu\u00e9 son las cookies? Esta Pol\u00edtica de Cookies explica qu\u00e9 son las cookies y c\u00f3mo las utilizamos, los tipos de cookies que utilizamos, es decir, la informaci\u00f3n que recopilamos utilizando cookies y c\u00f3mo se utiliza esa informaci\u00f3n, y c\u00f3mo gestionar la configuraci\u00f3n de las cookies. Las cookies son peque\u00f1os archivos de texto que se utilizan [&hellip;]<\/p>\n","protected":false},"author":1,"featured_media":0,"parent":0,"menu_order":0,"comment_status":"closed","ping_status":"closed","template":"","meta":{"_et_pb_use_builder":"on","_et_pb_old_content":"","_et_gb_content_width":"","footnotes":""},"class_list":["post-49029","page","type-page","status-publish","hentry"],"yoast_head":"<!-- This site is optimized with the Yoast SEO plugin v27.4 - https:\/\/yoast.com\/product\/yoast-seo-wordpress\/ -->\n<title>Pol\u00edtica de Cookies - Adyra Ingenieria<\/title>\n<meta name=\"robots\" content=\"index, follow, max-snippet:-1, max-image-preview:large, max-video-preview:-1\" \/>\n<link rel=\"canonical\" href=\"https:\/\/adyraingenieria.com\/en\/politica-cookies\/\" \/>\n<meta property=\"og:locale\" content=\"en_GB\" \/>\n<meta property=\"og:type\" content=\"article\" \/>\n<meta property=\"og:title\" content=\"Pol\u00edtica de Cookies - Adyra Ingenieria\" \/>\n<meta property=\"og:description\" content=\"\u00bfQu\u00e9 son las cookies? Esta Pol\u00edtica de Cookies explica qu\u00e9 son las cookies y c\u00f3mo las utilizamos, los tipos de cookies que utilizamos, es decir, la informaci\u00f3n que recopilamos utilizando cookies y c\u00f3mo se utiliza esa informaci\u00f3n, y c\u00f3mo gestionar la configuraci\u00f3n de las cookies. Las cookies son peque\u00f1os archivos de texto que se utilizan [&hellip;]\" \/>\n<meta property=\"og:url\" content=\"https:\/\/adyraingenieria.com\/en\/politica-cookies\/\" \/>\n<meta property=\"og:site_name\" content=\"Adyra Ingenieria\" \/>\n<meta property=\"article:modified_time\" content=\"2024-06-27T08:06:02+00:00\" \/>\n<meta property=\"og:image\" content=\"https:\/\/adyraingenieria.com\/wp-content\/uploads\/2024\/05\/pexels-matthiaszomer-618158.jpg\" \/>\n\t<meta property=\"og:image:width\" content=\"1260\" \/>\n\t<meta property=\"og:image:height\" content=\"710\" \/>\n\t<meta property=\"og:image:type\" content=\"image\/jpeg\" \/>\n<meta name=\"twitter:card\" content=\"summary_large_image\" \/>\n<meta name=\"twitter:label1\" content=\"Estimated reading time\" \/>\n\t<meta name=\"twitter:data1\" content=\"5 minutes\" \/>\n<script type=\"application\/ld+json\" class=\"yoast-schema-graph\">{\"@context\":\"https:\\\/\\\/schema.org\",\"@graph\":[{\"@type\":\"WebPage\",\"@id\":\"https:\\\/\\\/adyraingenieria.com\\\/politica-cookies\\\/\",\"url\":\"https:\\\/\\\/adyraingenieria.com\\\/politica-cookies\\\/\",\"name\":\"Pol\u00edtica de Cookies - Adyra Ingenieria\",\"isPartOf\":{\"@id\":\"https:\\\/\\\/adyraingenieria.com\\\/#website\"},\"datePublished\":\"2024-05-06T08:08:29+00:00\",\"dateModified\":\"2024-06-27T08:06:02+00:00\",\"breadcrumb\":{\"@id\":\"https:\\\/\\\/adyraingenieria.com\\\/politica-cookies\\\/#breadcrumb\"},\"inLanguage\":\"en-GB\",\"potentialAction\":[{\"@type\":\"ReadAction\",\"target\":[\"https:\\\/\\\/adyraingenieria.com\\\/politica-cookies\\\/\"]}]},{\"@type\":\"BreadcrumbList\",\"@id\":\"https:\\\/\\\/adyraingenieria.com\\\/politica-cookies\\\/#breadcrumb\",\"itemListElement\":[{\"@type\":\"ListItem\",\"position\":1,\"name\":\"Portada\",\"item\":\"https:\\\/\\\/adyraingenieria.com\\\/\"},{\"@type\":\"ListItem\",\"position\":2,\"name\":\"Pol\u00edtica de Cookies\"}]},{\"@type\":\"WebSite\",\"@id\":\"https:\\\/\\\/adyraingenieria.com\\\/#website\",\"url\":\"https:\\\/\\\/adyraingenieria.com\\\/\",\"name\":\"Adyra Ingenieria\",\"description\":\"\",\"publisher\":{\"@id\":\"https:\\\/\\\/adyraingenieria.com\\\/#organization\"},\"potentialAction\":[{\"@type\":\"SearchAction\",\"target\":{\"@type\":\"EntryPoint\",\"urlTemplate\":\"https:\\\/\\\/adyraingenieria.com\\\/?s={search_term_string}\"},\"query-input\":{\"@type\":\"PropertyValueSpecification\",\"valueRequired\":true,\"valueName\":\"search_term_string\"}}],\"inLanguage\":\"en-GB\"},{\"@type\":\"Organization\",\"@id\":\"https:\\\/\\\/adyraingenieria.com\\\/#organization\",\"name\":\"Adyra Ingenieria SLP\",\"alternateName\":\"Adyra Ingenieria\",\"url\":\"https:\\\/\\\/adyraingenieria.com\\\/\",\"logo\":{\"@type\":\"ImageObject\",\"inLanguage\":\"en-GB\",\"@id\":\"https:\\\/\\\/adyraingenieria.com\\\/#\\\/schema\\\/logo\\\/image\\\/\",\"url\":\"https:\\\/\\\/adyraingenieria.com\\\/wp-content\\\/uploads\\\/2024\\\/05\\\/CapturaLogo-e1714732891131.jpg\",\"contentUrl\":\"https:\\\/\\\/adyraingenieria.com\\\/wp-content\\\/uploads\\\/2024\\\/05\\\/CapturaLogo-e1714732891131.jpg\",\"width\":514,\"height\":252,\"caption\":\"Adyra Ingenieria SLP\"},\"image\":{\"@id\":\"https:\\\/\\\/adyraingenieria.com\\\/#\\\/schema\\\/logo\\\/image\\\/\"}}]}<\/script>\n<!-- \/ Yoast SEO plugin. -->","yoast_head_json":{"title":"Pol\u00edtica de Cookies - Adyra Ingenieria","robots":{"index":"index","follow":"follow","max-snippet":"max-snippet:-1","max-image-preview":"max-image-preview:large","max-video-preview":"max-video-preview:-1"},"canonical":"https:\/\/adyraingenieria.com\/en\/politica-cookies\/","og_locale":"en_GB","og_type":"article","og_title":"Pol\u00edtica de Cookies - Adyra Ingenieria","og_description":"\u00bfQu\u00e9 son las cookies? Esta Pol\u00edtica de Cookies explica qu\u00e9 son las cookies y c\u00f3mo las utilizamos, los tipos de cookies que utilizamos, es decir, la informaci\u00f3n que recopilamos utilizando cookies y c\u00f3mo se utiliza esa informaci\u00f3n, y c\u00f3mo gestionar la configuraci\u00f3n de las cookies. Las cookies son peque\u00f1os archivos de texto que se utilizan [&hellip;]","og_url":"https:\/\/adyraingenieria.com\/en\/politica-cookies\/","og_site_name":"Adyra Ingenieria","article_modified_time":"2024-06-27T08:06:02+00:00","og_image":[{"width":1260,"height":710,"url":"https:\/\/adyraingenieria.com\/wp-content\/uploads\/2024\/05\/pexels-matthiaszomer-618158.jpg","type":"image\/jpeg"}],"twitter_card":"summary_large_image","twitter_misc":{"Estimated reading time":"5 minutes"},"schema":{"@context":"https:\/\/schema.org","@graph":[{"@type":"WebPage","@id":"https:\/\/adyraingenieria.com\/politica-cookies\/","url":"https:\/\/adyraingenieria.com\/politica-cookies\/","name":"Pol\u00edtica de Cookies - Adyra Ingenieria","isPartOf":{"@id":"https:\/\/adyraingenieria.com\/#website"},"datePublished":"2024-05-06T08:08:29+00:00","dateModified":"2024-06-27T08:06:02+00:00","breadcrumb":{"@id":"https:\/\/adyraingenieria.com\/politica-cookies\/#breadcrumb"},"inLanguage":"en-GB","potentialAction":[{"@type":"ReadAction","target":["https:\/\/adyraingenieria.com\/politica-cookies\/"]}]},{"@type":"BreadcrumbList","@id":"https:\/\/adyraingenieria.com\/politica-cookies\/#breadcrumb","itemListElement":[{"@type":"ListItem","position":1,"name":"Portada","item":"https:\/\/adyraingenieria.com\/"},{"@type":"ListItem","position":2,"name":"Pol\u00edtica de Cookies"}]},{"@type":"WebSite","@id":"https:\/\/adyraingenieria.com\/#website","url":"https:\/\/adyraingenieria.com\/","name":"Adyra Ingenieria","description":"","publisher":{"@id":"https:\/\/adyraingenieria.com\/#organization"},"potentialAction":[{"@type":"SearchAction","target":{"@type":"EntryPoint","urlTemplate":"https:\/\/adyraingenieria.com\/?s={search_term_string}"},"query-input":{"@type":"PropertyValueSpecification","valueRequired":true,"valueName":"search_term_string"}}],"inLanguage":"en-GB"},{"@type":"Organization","@id":"https:\/\/adyraingenieria.com\/#organization","name":"Adyra Ingenieria SLP","alternateName":"Adyra Ingenieria","url":"https:\/\/adyraingenieria.com\/","logo":{"@type":"ImageObject","inLanguage":"en-GB","@id":"https:\/\/adyraingenieria.com\/#\/schema\/logo\/image\/","url":"https:\/\/adyraingenieria.com\/wp-content\/uploads\/2024\/05\/CapturaLogo-e1714732891131.jpg","contentUrl":"https:\/\/adyraingenieria.com\/wp-content\/uploads\/2024\/05\/CapturaLogo-e1714732891131.jpg","width":514,"height":252,"caption":"Adyra Ingenieria SLP"},"image":{"@id":"https:\/\/adyraingenieria.com\/#\/schema\/logo\/image\/"}}]}},"_links":{"self":[{"href":"https:\/\/adyraingenieria.com\/en\/wp-json\/wp\/v2\/pages\/49029","targetHints":{"allow":["GET"]}}],"collection":[{"href":"https:\/\/adyraingenieria.com\/en\/wp-json\/wp\/v2\/pages"}],"about":[{"href":"https:\/\/adyraingenieria.com\/en\/wp-json\/wp\/v2\/types\/page"}],"author":[{"embeddable":true,"href":"https:\/\/adyraingenieria.com\/en\/wp-json\/wp\/v2\/users\/1"}],"replies":[{"embeddable":true,"href":"https:\/\/adyraingenieria.com\/en\/wp-json\/wp\/v2\/comments?post=49029"}],"version-history":[{"count":7,"href":"https:\/\/adyraingenieria.com\/en\/wp-json\/wp\/v2\/pages\/49029\/revisions"}],"predecessor-version":[{"id":49338,"href":"https:\/\/adyraingenieria.com\/en\/wp-json\/wp\/v2\/pages\/49029\/revisions\/49338"}],"wp:attachment":[{"href":"https:\/\/adyraingenieria.com\/en\/wp-json\/wp\/v2\/media?parent=49029"}],"curies":[{"name":"wp","href":"https:\/\/api.w.org\/{rel}","templated":true}]}}