{"id":49032,"date":"2024-05-06T08:13:19","date_gmt":"2024-05-06T08:13:19","guid":{"rendered":"https:\/\/adyraingenieria.es\/?page_id=49032"},"modified":"2024-06-27T10:17:24","modified_gmt":"2024-06-27T08:17:24","slug":"aviso-legal","status":"publish","type":"page","link":"https:\/\/adyraingenieria.com\/en\/aviso-legal\/","title":{"rendered":"Aviso Legal"},"content":{"rendered":"<p>[et_pb_section fb_built=\u00bb1&#8243; fullwidth=\u00bbon\u00bb _builder_version=\u00bb4.25.0&#8243; animation_direction=\u00bbtop\u00bb global_colors_info=\u00bb{}\u00bb][et_pb_fullwidth_header title=\u00bbAviso Legal\u00bb subhead=\u00bbDescubra todos los detalles sobre nuestro aviso legal a continuaci\u00f3n:\u00bb content_max_width=\u00bb800px\u00bb _builder_version=\u00bb4.25.0&#8243; title_font=\u00bbLato||||||||\u00bb title_font_size=\u00bb60px\u00bb title_line_height=\u00bb1.2em\u00bb content_font=\u00bb||||||||\u00bb content_font_size=\u00bb20px\u00bb content_line_height=\u00bb1.8em\u00bb background_color=\u00bbrgba(255, 255, 255, 0)\u00bb use_background_color_gradient=\u00bbon\u00bb background_color_gradient_direction=\u00bb90deg\u00bb background_color_gradient_stops=\u00bbrgba(0,0,0,0.75) 0%|rgba(0,0,0,0) 100%\u00bb background_color_gradient_overlays_image=\u00bbon\u00bb background_color_gradient_start=\u00bbrgba(0,0,0,0.75)\u00bb background_color_gradient_end=\u00bbrgba(0,0,0,0)\u00bb background_image=\u00bbhttps:\/\/adyraingenieria.com\/wp-content\/uploads\/2024\/05\/Captura-de-pantalla-2024-05-06-102013.png\u00bb custom_button_one=\u00bbon\u00bb button_one_text_size=\u00bb28px\u00bb button_one_bg_color=\u00bb#02d002&#8243; button_one_border_width=\u00bb8px\u00bb button_one_border_color=\u00bb#02d002&#8243; button_one_border_radius=\u00bb0px\u00bb button_one_letter_spacing=\u00bb1px\u00bb button_one_font=\u00bbLato|700|||||||\u00bb button_one_use_icon=\u00bboff\u00bb custom_button_two=\u00bbon\u00bb button_two_text_size=\u00bb18px\u00bb button_two_text_color=\u00bb#353740&#8243; button_two_bg_color=\u00bb#ffffff\u00bb button_two_border_width=\u00bb8px\u00bb button_two_border_color=\u00bb#ffffff\u00bb button_two_border_radius=\u00bb0px\u00bb button_two_letter_spacing=\u00bb1px\u00bb button_two_font=\u00bbLato|700|||||||\u00bb button_two_use_icon=\u00bboff\u00bb custom_margin=\u00bb|||\u00bb custom_padding=\u00bb8%||8%|\u00bb animation_style=\u00bbfade\u00bb button_one_letter_spacing_hover=\u00bb1px\u00bb button_two_letter_spacing_hover=\u00bb1px\u00bb locked=\u00bboff\u00bb global_colors_info=\u00bb{}\u00bb button_one_text_size__hover_enabled=\u00bboff\u00bb button_two_text_size__hover_enabled=\u00bboff\u00bb button_one_text_color__hover_enabled=\u00bboff\u00bb button_two_text_color__hover_enabled=\u00bboff\u00bb button_one_border_width__hover_enabled=\u00bboff\u00bb button_two_border_width__hover_enabled=\u00bboff\u00bb button_one_border_color__hover_enabled=\u00bboff\u00bb button_two_border_color__hover_enabled=\u00bboff\u00bb button_one_border_radius__hover_enabled=\u00bboff\u00bb button_two_border_radius__hover_enabled=\u00bboff\u00bb button_one_letter_spacing__hover_enabled=\u00bbon\u00bb button_one_letter_spacing__hover=\u00bb1px\u00bb button_two_letter_spacing__hover_enabled=\u00bbon\u00bb button_two_letter_spacing__hover=\u00bb1px\u00bb button_one_bg_color__hover_enabled=\u00bboff\u00bb button_two_bg_color__hover_enabled=\u00bboff\u00bb][\/et_pb_fullwidth_header][\/et_pb_section][et_pb_section fb_built=\u00bb1&#8243; admin_label=\u00bbInformation Section\u00bb _builder_version=\u00bb4.25.0&#8243; custom_padding=\u00bb100px||100px|\u00bb animation_style=\u00bbfade\u00bb global_colors_info=\u00bb{}\u00bb][et_pb_row admin_label=\u00bbInformation Area\u00bb _builder_version=\u00bb4.16&#8243; max_width=\u00bb833px\u00bb custom_margin=\u00bb|||\u00bb use_custom_width=\u00bbon\u00bb custom_width_px=\u00bb650px\u00bb global_colors_info=\u00bb{}\u00bb][et_pb_column type=\u00bb4_4&#8243; _builder_version=\u00bb4.16&#8243; custom_padding=\u00bb|||\u00bb global_colors_info=\u00bb{}\u00bb custom_padding__hover=\u00bb|||\u00bb][et_pb_text _builder_version=\u00bb4.25.2&#8243; text_font=\u00bb||||||||\u00bb text_font_size=\u00bb16px\u00bb text_line_height=\u00bb1.8em\u00bb header_font=\u00bb||||||||\u00bb header_2_font=\u00bbLato||||||||\u00bb header_2_font_size=\u00bb36px\u00bb header_2_line_height=\u00bb1.5em\u00bb module_alignment=\u00bbcenter\u00bb custom_margin=\u00bb||15px|\u00bb custom_padding=\u00bb||19px|||\u00bb animation_direction=\u00bbleft\u00bb hover_enabled=\u00bb0&#8243; global_colors_info=\u00bb{}\u00bb sticky_enabled=\u00bb0&#8243;]<\/p>\n<p><strong>LEY DE SERVICIOS DE LA SOCIEDAD DE LA INFORMACI\u00d3N Y COMERCIO ELECTR\u00d3NICO<\/strong><\/p>\n<p>En cumplimiento de lo dispuesto en el art. 10 de la Ley 34\/2002 de 11 de julio de Servicios de la Sociedad de la Informaci\u00f3n (L.S.S.I.), se da a conocer la siguiente Informaci\u00f3n General:<\/p>\n<p>Que el dominio adyraingenieria.com, a partir de ahora Sitio Web, est\u00e1 registrado a nombre de Adyra Ingenier\u00eda SLP.<\/p>\n<p><strong>CONDICIONES DE USO<\/strong><\/p>\n<p><strong>I.- USUARIOS\/AS<\/strong> El acceso y\/o uso del Sitio Web adyraingenieria.com, atribuye a quien lo realiza la condici\u00f3n de usuario\/a, aceptando, desde ese mismo momento, plenamente y sin reserva alguna, las presentes condiciones generales, as\u00ed como las condiciones particulares que, en su caso, complementen, modifiquen o sustituyan las condiciones generales en relaci\u00f3n con determinados servicios y contenidos del Sitio Web.<\/p>\n<p><strong>II.- USO DEL SITIO WEB, SUS SERVICIOS Y CONTENIDOS<\/strong> El\/la usuario\/a se compromete a utilizar el Sitio Web y sus servicios y contenidos sin contravenir la legislaci\u00f3n vigente, la buena fe, los usos generalmente aceptados y el orden p\u00fablico.<\/p>\n<p>As\u00ed mismo, queda prohibido el uso de la Web con fines il\u00edcitos o lesivos contra Adyra Ingenier\u00eda SLP o cualquier\/a tercero\/a, o que, de cualquier forma, puedan causar perjuicio o impedir el normal funcionamiento del Sitio Web.<\/p>\n<p>Respecto de los contenidos (informaciones, textos, gr\u00e1ficos, archivos de sonido y\/o imagen, fotograf\u00edas, dise\u00f1os, etc.), se proh\u00edbe:<\/p>\n<ul>\n<li>Su reproducci\u00f3n, distribuci\u00f3n o modificaci\u00f3n, a menos que se cuente con la autorizaci\u00f3n de sus leg\u00edtimos\/as titulares o resulte legalmente permitido.<\/li>\n<li>Cualquier vulneraci\u00f3n de los derechos de Adyra Ingenier\u00eda SLP o de sus leg\u00edtimos\/as titulares sobre los mismos.<\/li>\n<li>Su utilizaci\u00f3n para todo tipo de fines comerciales o publicitarios, distintos de los estrictamente permitidos.<\/li>\n<li>Cualquier intento de obtener los contenidos del Sitio Web por cualquier medio distinto de los que se pongan a disposici\u00f3n de los\/las usuarios\/as as\u00ed como de los que habitualmente se empleen en la red, siempre que no causen perjuicio alguno a la web.<\/li>\n<\/ul>\n<p><strong>III.- MODIFICACI\u00d3N UNILATERAL<\/strong> Adyra Ingenier\u00eda SLP podr\u00e1 modificar unilateralmente y sin previo aviso, siempre que lo considere oportuno, la estructura y dise\u00f1o del Sitio Web, as\u00ed como modificar o eliminar los servicios, los contenidos y las condiciones de acceso y\/o uso del mismo.<\/p>\n<p><strong>IV.- HIPERENLACES<\/strong> El establecimiento de cualquier \u00abhiperenlace\u00bb entre una p\u00e1gina web y el Sitio Web estar\u00e1 sometido a las siguientes condiciones:<\/p>\n<ul>\n<li>No se permite la reproducci\u00f3n, ni total ni parcial, de ninguno de los servicios ni contenidos del Sitio Web.<\/li>\n<li>Salvo consentimiento previo y expreso, la p\u00e1gina web en la que se establezca el hiperenlace no contendr\u00e1 ninguna marca, nombre comercial, r\u00f3tulo de establecimiento, denominaci\u00f3n, logotipo, eslogan u otros signos distintivos pertenecientes a Adyra Ingenier\u00eda SLP.<\/li>\n<li>Bajo ninguna circunstancia, Adyra Ingenier\u00eda SLP ser\u00e1 responsable de los contenidos o servicios puestos a disposici\u00f3n del p\u00fablico en la p\u00e1gina web desde la que se realice el \u00abhiperenlace\u00bb ni de las informaciones y manifestaciones incluidas en las mismas.<\/li>\n<\/ul>\n<p><strong>V. EXCLUSI\u00d3N DE GARANT\u00cdAS Y RESPONSABILIDAD<\/strong> Adyra Ingenier\u00eda SLP no otorga ninguna garant\u00eda ni se hace responsable, en ning\u00fan caso, de los da\u00f1os y perjuicios de cualquier naturaleza que pudieran traer causa de:<\/p>\n<ul>\n<li>La falta disponibilidad, mantenimiento y efectivo funcionamiento de la Web y\/o de sus servicios o contenidos.<\/li>\n<li>La falta de utilidad, adecuaci\u00f3n o validez de la Web y\/o de sus servicios o contenidos para satisfacer necesidades, actividades o resultados concretos o expectativas de los usuarios.<\/li>\n<li>La existencia de virus, programas maliciosos o lesivos en los contenidos.<\/li>\n<li>La recepci\u00f3n, obtenci\u00f3n, almacenamiento, difusi\u00f3n o transmisi\u00f3n, por parte de los\/las usuarios\/as, de los contenidos.<\/li>\n<li>El uso il\u00edcito, negligente, fraudulento, contrario a las presentes Condiciones Generales, a la buena fe, a los usos generalmente aceptados o al orden p\u00fablico, del Sitio Web, sus servicios o contenidos, por parte de los usuarios.<\/li>\n<li>La falta de licitud, calidad, fiabilidad, utilidad y disponibilidad de los servicios prestados por terceros\/as y puestos a disposici\u00f3n de los\/las usuarios\/as en el Sitio Web.<\/li>\n<li>El incumplimiento por parte de terceros de sus obligaciones o compromisos en relaci\u00f3n con los servicios prestados a los usuarios\/as a trav\u00e9s del Sitio Web.<\/li>\n<\/ul>\n<p><strong>VI. DURACI\u00d3N<\/strong> La duraci\u00f3n de la prestaci\u00f3n del servicio del Sitio Web y de los servicios es de car\u00e1cter indefinido.<\/p>\n<p>Sin perjuicio de lo anterior, Adyra Ingenier\u00eda SLP se reserva el derecho para interrumpir, suspender o terminar la prestaci\u00f3n del servicio de la Web o de cualquiera de los servicios que lo integran, en los mismos t\u00e9rminos que se recogen en la condici\u00f3n tercera.<\/p>\n<p><strong>VII. LEGISLACI\u00d3N APLICABLE Y JURISDICCI\u00d3N<\/strong> Las presentes Condiciones Generales se regir\u00e1n por la legislaci\u00f3n espa\u00f1ola.<\/p>\n<p>Adyra Ingenier\u00eda SLP y el usuario\/a, con renuncia expresa a cualquier otro fuero que pudiera corresponderles, se someten a la Jurisdicci\u00f3n de los Juzgados y Tribunales del domicilio del usuario para cuantas cuestiones pudieran suscitarse o acciones ejercitarse derivadas de la prestaci\u00f3n del servicio de la Web<\/p>\n<p>y de sus servicios y contenidos y sobre la interpretaci\u00f3n, aplicaci\u00f3n, cumplimiento o incumplimiento de lo aqu\u00ed establecido. En el supuesto de que el Usuario\/a tenga su domicilio fuera de Espa\u00f1a, Adyra Ingenier\u00eda SLP y el Usuario\/a, con renuncia expresa a cualquier otro fuero que pudiera corresponderles, se someten a la Jurisdicci\u00f3n de los Juzgados y Tribunales de Alcorc\u00f3n.<\/p>\n<p><strong>BAJA DE COMUNICACIONES COMERCIALES<\/strong> De conformidad con la ley de servicios de la sociedad de la informaci\u00f3n 34\/2002 se garantiza al usuario la posibilidad de dejar de recibir informaci\u00f3n comercial en un plazo m\u00e1ximo de un mes desde que comunique su voluntad mediante correo electr\u00f3nico dirigido a <a href=\"mailto:info@adyraingenieria.com\" data-linkindex=\"2\">info@adyraingenieria.com<\/a><a href=\"mailto:jesus.montes@adyraingenieria.com\">.<\/a><\/p>\n<p>Esta pol\u00edtica de cookies fue actualizada por \u00faltima vez el 27 de septiembre de 2023 y se aplica a los ciudadanos y residentes legales permanentes del Espacio Econ\u00f3mico Europeo y Suiza<\/p>\n<p>[\/et_pb_text][\/et_pb_column][\/et_pb_row][\/et_pb_section]<\/p>\n","protected":false},"excerpt":{"rendered":"<p>LEY DE SERVICIOS DE LA SOCIEDAD DE LA INFORMACI\u00d3N Y COMERCIO ELECTR\u00d3NICO En cumplimiento de lo dispuesto en el art. 10 de la Ley 34\/2002 de 11 de julio de Servicios de la Sociedad de la Informaci\u00f3n (L.S.S.I.), se da a conocer la siguiente Informaci\u00f3n General: Que el dominio adyraingenieria.com, a partir de ahora Sitio [&hellip;]<\/p>\n","protected":false},"author":1,"featured_media":0,"parent":0,"menu_order":0,"comment_status":"closed","ping_status":"closed","template":"","meta":{"_et_pb_use_builder":"on","_et_pb_old_content":"","_et_gb_content_width":"","footnotes":""},"class_list":["post-49032","page","type-page","status-publish","hentry"],"yoast_head":"<!-- This site is optimized with the Yoast SEO plugin v27.4 - https:\/\/yoast.com\/product\/yoast-seo-wordpress\/ -->\n<title>Aviso Legal - Adyra Ingenieria<\/title>\n<meta name=\"robots\" content=\"index, follow, max-snippet:-1, max-image-preview:large, max-video-preview:-1\" \/>\n<link rel=\"canonical\" href=\"https:\/\/adyraingenieria.com\/en\/aviso-legal\/\" \/>\n<meta property=\"og:locale\" content=\"en_GB\" \/>\n<meta property=\"og:type\" content=\"article\" \/>\n<meta property=\"og:title\" content=\"Aviso Legal - Adyra Ingenieria\" \/>\n<meta property=\"og:description\" content=\"LEY DE SERVICIOS DE LA SOCIEDAD DE LA INFORMACI\u00d3N Y COMERCIO ELECTR\u00d3NICO En cumplimiento de lo dispuesto en el art. 10 de la Ley 34\/2002 de 11 de julio de Servicios de la Sociedad de la Informaci\u00f3n (L.S.S.I.), se da a conocer la siguiente Informaci\u00f3n General: Que el dominio adyraingenieria.com, a partir de ahora Sitio [&hellip;]\" \/>\n<meta property=\"og:url\" content=\"https:\/\/adyraingenieria.com\/en\/aviso-legal\/\" \/>\n<meta property=\"og:site_name\" content=\"Adyra Ingenieria\" \/>\n<meta property=\"article:modified_time\" content=\"2024-06-27T08:17:24+00:00\" \/>\n<meta property=\"og:image\" content=\"https:\/\/adyraingenieria.com\/wp-content\/uploads\/2024\/05\/pexels-matthiaszomer-618158.jpg\" \/>\n\t<meta property=\"og:image:width\" content=\"1260\" \/>\n\t<meta property=\"og:image:height\" content=\"710\" \/>\n\t<meta property=\"og:image:type\" content=\"image\/jpeg\" \/>\n<meta name=\"twitter:card\" content=\"summary_large_image\" \/>\n<meta name=\"twitter:label1\" content=\"Estimated reading time\" \/>\n\t<meta name=\"twitter:data1\" content=\"7 minutes\" \/>\n<script type=\"application\/ld+json\" class=\"yoast-schema-graph\">{\"@context\":\"https:\\\/\\\/schema.org\",\"@graph\":[{\"@type\":\"WebPage\",\"@id\":\"https:\\\/\\\/adyraingenieria.com\\\/aviso-legal\\\/\",\"url\":\"https:\\\/\\\/adyraingenieria.com\\\/aviso-legal\\\/\",\"name\":\"Aviso Legal - Adyra Ingenieria\",\"isPartOf\":{\"@id\":\"https:\\\/\\\/adyraingenieria.com\\\/#website\"},\"datePublished\":\"2024-05-06T08:13:19+00:00\",\"dateModified\":\"2024-06-27T08:17:24+00:00\",\"breadcrumb\":{\"@id\":\"https:\\\/\\\/adyraingenieria.com\\\/aviso-legal\\\/#breadcrumb\"},\"inLanguage\":\"en-GB\",\"potentialAction\":[{\"@type\":\"ReadAction\",\"target\":[\"https:\\\/\\\/adyraingenieria.com\\\/aviso-legal\\\/\"]}]},{\"@type\":\"BreadcrumbList\",\"@id\":\"https:\\\/\\\/adyraingenieria.com\\\/aviso-legal\\\/#breadcrumb\",\"itemListElement\":[{\"@type\":\"ListItem\",\"position\":1,\"name\":\"Portada\",\"item\":\"https:\\\/\\\/adyraingenieria.com\\\/\"},{\"@type\":\"ListItem\",\"position\":2,\"name\":\"Aviso Legal\"}]},{\"@type\":\"WebSite\",\"@id\":\"https:\\\/\\\/adyraingenieria.com\\\/#website\",\"url\":\"https:\\\/\\\/adyraingenieria.com\\\/\",\"name\":\"Adyra Ingenieria\",\"description\":\"\",\"publisher\":{\"@id\":\"https:\\\/\\\/adyraingenieria.com\\\/#organization\"},\"potentialAction\":[{\"@type\":\"SearchAction\",\"target\":{\"@type\":\"EntryPoint\",\"urlTemplate\":\"https:\\\/\\\/adyraingenieria.com\\\/?s={search_term_string}\"},\"query-input\":{\"@type\":\"PropertyValueSpecification\",\"valueRequired\":true,\"valueName\":\"search_term_string\"}}],\"inLanguage\":\"en-GB\"},{\"@type\":\"Organization\",\"@id\":\"https:\\\/\\\/adyraingenieria.com\\\/#organization\",\"name\":\"Adyra Ingenieria SLP\",\"alternateName\":\"Adyra Ingenieria\",\"url\":\"https:\\\/\\\/adyraingenieria.com\\\/\",\"logo\":{\"@type\":\"ImageObject\",\"inLanguage\":\"en-GB\",\"@id\":\"https:\\\/\\\/adyraingenieria.com\\\/#\\\/schema\\\/logo\\\/image\\\/\",\"url\":\"https:\\\/\\\/adyraingenieria.com\\\/wp-content\\\/uploads\\\/2024\\\/05\\\/CapturaLogo-e1714732891131.jpg\",\"contentUrl\":\"https:\\\/\\\/adyraingenieria.com\\\/wp-content\\\/uploads\\\/2024\\\/05\\\/CapturaLogo-e1714732891131.jpg\",\"width\":514,\"height\":252,\"caption\":\"Adyra Ingenieria SLP\"},\"image\":{\"@id\":\"https:\\\/\\\/adyraingenieria.com\\\/#\\\/schema\\\/logo\\\/image\\\/\"}}]}<\/script>\n<!-- \/ Yoast SEO plugin. -->","yoast_head_json":{"title":"Aviso Legal - Adyra Ingenieria","robots":{"index":"index","follow":"follow","max-snippet":"max-snippet:-1","max-image-preview":"max-image-preview:large","max-video-preview":"max-video-preview:-1"},"canonical":"https:\/\/adyraingenieria.com\/en\/aviso-legal\/","og_locale":"en_GB","og_type":"article","og_title":"Aviso Legal - Adyra Ingenieria","og_description":"LEY DE SERVICIOS DE LA SOCIEDAD DE LA INFORMACI\u00d3N Y COMERCIO ELECTR\u00d3NICO En cumplimiento de lo dispuesto en el art. 10 de la Ley 34\/2002 de 11 de julio de Servicios de la Sociedad de la Informaci\u00f3n (L.S.S.I.), se da a conocer la siguiente Informaci\u00f3n General: Que el dominio adyraingenieria.com, a partir de ahora Sitio [&hellip;]","og_url":"https:\/\/adyraingenieria.com\/en\/aviso-legal\/","og_site_name":"Adyra Ingenieria","article_modified_time":"2024-06-27T08:17:24+00:00","og_image":[{"width":1260,"height":710,"url":"https:\/\/adyraingenieria.com\/wp-content\/uploads\/2024\/05\/pexels-matthiaszomer-618158.jpg","type":"image\/jpeg"}],"twitter_card":"summary_large_image","twitter_misc":{"Estimated reading time":"7 minutes"},"schema":{"@context":"https:\/\/schema.org","@graph":[{"@type":"WebPage","@id":"https:\/\/adyraingenieria.com\/aviso-legal\/","url":"https:\/\/adyraingenieria.com\/aviso-legal\/","name":"Aviso Legal - Adyra Ingenieria","isPartOf":{"@id":"https:\/\/adyraingenieria.com\/#website"},"datePublished":"2024-05-06T08:13:19+00:00","dateModified":"2024-06-27T08:17:24+00:00","breadcrumb":{"@id":"https:\/\/adyraingenieria.com\/aviso-legal\/#breadcrumb"},"inLanguage":"en-GB","potentialAction":[{"@type":"ReadAction","target":["https:\/\/adyraingenieria.com\/aviso-legal\/"]}]},{"@type":"BreadcrumbList","@id":"https:\/\/adyraingenieria.com\/aviso-legal\/#breadcrumb","itemListElement":[{"@type":"ListItem","position":1,"name":"Portada","item":"https:\/\/adyraingenieria.com\/"},{"@type":"ListItem","position":2,"name":"Aviso Legal"}]},{"@type":"WebSite","@id":"https:\/\/adyraingenieria.com\/#website","url":"https:\/\/adyraingenieria.com\/","name":"Adyra Ingenieria","description":"","publisher":{"@id":"https:\/\/adyraingenieria.com\/#organization"},"potentialAction":[{"@type":"SearchAction","target":{"@type":"EntryPoint","urlTemplate":"https:\/\/adyraingenieria.com\/?s={search_term_string}"},"query-input":{"@type":"PropertyValueSpecification","valueRequired":true,"valueName":"search_term_string"}}],"inLanguage":"en-GB"},{"@type":"Organization","@id":"https:\/\/adyraingenieria.com\/#organization","name":"Adyra Ingenieria SLP","alternateName":"Adyra Ingenieria","url":"https:\/\/adyraingenieria.com\/","logo":{"@type":"ImageObject","inLanguage":"en-GB","@id":"https:\/\/adyraingenieria.com\/#\/schema\/logo\/image\/","url":"https:\/\/adyraingenieria.com\/wp-content\/uploads\/2024\/05\/CapturaLogo-e1714732891131.jpg","contentUrl":"https:\/\/adyraingenieria.com\/wp-content\/uploads\/2024\/05\/CapturaLogo-e1714732891131.jpg","width":514,"height":252,"caption":"Adyra Ingenieria SLP"},"image":{"@id":"https:\/\/adyraingenieria.com\/#\/schema\/logo\/image\/"}}]}},"_links":{"self":[{"href":"https:\/\/adyraingenieria.com\/en\/wp-json\/wp\/v2\/pages\/49032","targetHints":{"allow":["GET"]}}],"collection":[{"href":"https:\/\/adyraingenieria.com\/en\/wp-json\/wp\/v2\/pages"}],"about":[{"href":"https:\/\/adyraingenieria.com\/en\/wp-json\/wp\/v2\/types\/page"}],"author":[{"embeddable":true,"href":"https:\/\/adyraingenieria.com\/en\/wp-json\/wp\/v2\/users\/1"}],"replies":[{"embeddable":true,"href":"https:\/\/adyraingenieria.com\/en\/wp-json\/wp\/v2\/comments?post=49032"}],"version-history":[{"count":6,"href":"https:\/\/adyraingenieria.com\/en\/wp-json\/wp\/v2\/pages\/49032\/revisions"}],"predecessor-version":[{"id":49341,"href":"https:\/\/adyraingenieria.com\/en\/wp-json\/wp\/v2\/pages\/49032\/revisions\/49341"}],"wp:attachment":[{"href":"https:\/\/adyraingenieria.com\/en\/wp-json\/wp\/v2\/media?parent=49032"}],"curies":[{"name":"wp","href":"https:\/\/api.w.org\/{rel}","templated":true}]}}